{"id":3186,"date":"2024-01-02T14:02:47","date_gmt":"2024-01-02T12:02:47","guid":{"rendered":"https:\/\/chamurkov.com\/obshti-uslovia\/"},"modified":"2024-02-21T15:00:54","modified_gmt":"2024-02-21T13:00:54","slug":"termeni-generali","status":"publish","type":"page","link":"https:\/\/chamurkov.com\/ro\/termeni-generali\/","title":{"rendered":"Termeni generali"},"content":{"rendered":"<link id=\"igs-wpf-css\" type=\"text\/css\" data-href=\"https:\/\/chamurkov.com\/wp-content\/themes\/chamurkov\/resources\/css\/igs-wpf.css\" class=\"assets-lazy-style\" rel=\"stylesheet\" media=\"all\">\n<div class=\"mt-u-md-60 mb-u-md-60 mt-d-sm-30 mb-d-sm-30\">\n\n<div class=\"container wp-editor ts\">\n  <h1 style=\"text-align: center;\">Termeni generali<\/h1>\n<p>Informa\u021biile con\u021binute \u00een site-ul www.chamurkov.com despre:<\/p>\n<p>textele<br \/>\nelemente grafice<br \/>\nsigl\u0103<br \/>\nmaterial foto la pagini, \u0219tiri \u0219i evenimente<br \/>\nVideoclipuri<br \/>\nprezent\u0103ri<\/p>\n<p>precum \u0219i componen\u021ba \u0219i metoda lor de aranjare sunt protejate de Legea privind drepturile de autor \u0219i drepturile conexe.<\/p>\n<p>Orice utilizare, incluz\u00e2nd, dar f\u0103r\u0103 a se limita la, publicarea textului sau a unei p\u0103r\u021bi de text, precum \u0219i a unei imagini grafice, func\u021bionalit\u0103\u021bi sau alt\u0103 parte a informa\u021biilor \u00een alt\u0103 parte, f\u0103r\u0103 cuno\u0219tin\u021ba \u0219i acordul expres al NA CHISTO EOOD; distribuirea sa sub orice form\u0103, \u00een orice scop, indiferent de tipul de media \u0219i\/sau mediu informatic, precum \u0219i orice form\u0103 de utilizare comercial\u0103 este interzis\u0103 \u0219i va fi urm\u0103rit\u0103 penal \u00een toat\u0103 m\u0103sura legisla\u021biei bulgare, f\u0103r\u0103 prealabil scris sau orice alt un fel de notificare.<\/p>\n<p>NA CHISTO EOOD \u00ee\u0219i rezerv\u0103 dreptul de a modifica ace\u0219ti termeni \u0219i condi\u021bii \u0219i se oblig\u0103 s\u0103 notifice utilizatorii www.chamurkov.com \u00een termen de 7 zile. Condi\u021biile de utilizare a acestui site sunt publicate \u00eentr-un loc vizibil pe acesta \u0219i sunt disponibile pentru to\u021bi utilizatorii care folosesc informa\u021biile \u0219i func\u021bionalit\u0103\u021bile acestuia.<\/p>\n<p>Utilizarea \u00eentregului con\u021binut de pe acest site va fi considerat\u0103 a fi o expresie a acordului cu termenii enun\u021ba\u021bi.<\/p>\n<p>Defini\u021biile termenilor utiliza\u021bi \u00een ace\u0219ti Termeni de utilizare:<br \/>\nNume: NA CHISTO EOOD<br \/>\nBulstat \/ EIK: BG201445667<br \/>\nSediu \u0219i adresa conducerii: BULGARIA, Veliko Tarnovo, Tsvetarska, 6<br \/>\nOficialul pentru protec\u021bia datelor cu caracter personal: domnul Chamurkov<br \/>\nE-mail: lchamurkov@gmail.com<br \/>\nTelefon: 0879600699<\/p>\n<p>Site &#8211; site web cu www.chamurkov.com &#8211; con\u021binut care include informa\u021bii actuale ale NA CHISTO EOOD, pagini, articole, publica\u021bii \u0219i alt con\u021binut de\u021binut de NA CHISTO EOOD.<\/p>\n<p>Termeni \u2013 termeni de utilizare a serviciilor acestui site.<\/p>\n<p>Utilizator &#8211; orice persoan\u0103 care utilizeaz\u0103 serviciile Site-ului conform acestor Termeni.<\/p>\n<p>Ac\u021biune r\u0103u inten\u021bionat\u0103 \u2013 \u00een sensul acestor Termeni, acestea sunt: \u200b\u200borice ac\u021biuni sau omisiuni care \u00eencalc\u0103 etica Internetului \u0219i\/sau d\u0103uneaz\u0103 persoanelor conectate sau nu la Internet sau re\u021belele asociate; utilizarea, reproducerea \u0219i copierea con\u021binutului publicat pe Site \u00een scopuri comerciale \u0219i \u00een beneficiul ter\u021bilor; trimiterea de e-mailuri nesolicitate (SPAM, JUNK MAIL); debordare canal (FLOOD); ob\u021binerea accesului la resurse prin utilizarea drepturilor \u0219i parolelor altcuiva; folosirea defectelor din sisteme \u00een beneficiul propriu sau ob\u021binerea de informa\u021bii (HACK) pentru ter\u021bi; efectuarea de ac\u021biuni care pot fi definite ca spionaj industrial sau sabotaj; ac\u021biuni care pot duce la deteriorarea sau distrugerea sistemelor sau a matricelor de informa\u021bii (CRACK); trimiterea de \u201ecai troieni\u201d sau provocarea instal\u0103rii de viru\u0219i sau sisteme de control de la distan\u021b\u0103; perturbarea func\u021bion\u0103rii normale a altor utilizatori de Internet \u0219i a re\u021belelor asociate; efectuarea oric\u0103ror ac\u021biuni care pot fi calificate drept infrac\u021biune sau \u00eenc\u0103lcare administrativ\u0103 \u00een sensul legisla\u021biei bulgare.<\/p>\n<p>Consim\u021b\u0103m\u00e2ntul pentru utilizare de c\u0103tre utilizatori<\/p>\n<p>Acest text con\u021bine informa\u021bii despre Termenii de utilizare ai Site-ului.<\/p>\n<p>Dac\u0103 nu accepta\u021bi Termenii site-ului, v\u0103 vom cere s\u0103 pleca\u021bi.<\/p>\n<p>Orice utilizare a Site-ului este considerat\u0103 o expresie a acordului cu Termenii \u0219i oblig\u0103 Utilizatorul s\u0103 le respecte<\/p>\n<p>III. Drepturile \u0219i obliga\u021biile NA CHISTO EOOD<\/p>\n<p>NA CHISTO EOOD are dreptul, \u0219i \u00een anumite cazuri \u0219i obliga\u021bia, de a publica pe Site informa\u021bii textuale, grafice \u0219i de alt\u0103 natur\u0103 \u00een leg\u0103tur\u0103 cu activitatea sa \u0219i cu serviciile prestate, pun\u00e2ndu-le la dispozi\u021bie pentru uzul de bun\u0103 credin\u021b\u0103 a Utilizatorilor Site-ului.<br \/>\nNA CHISTO EOOD se oblig\u0103 s\u0103 furnizeze corect informa\u021biile despre activitatea sa pe care le public\u0103 pe Site.<br \/>\nNA CHISTO EOOD are dreptul de a publica pe Site orice tip de informa\u021bie \u0219i con\u021binut, direct sau indirect legat de activitatea pe care o desf\u0103\u0219oar\u0103 \u00een \u0219i sub form\u0103 de \u0219tiri, articole, publica\u021bii prin elemente text \u0219i grafice.<br \/>\nNA CHISTO EOOD are dreptul de a p\u0103stra materialele \u0219i informa\u021biile utilizate \u0219i situate pe serverul Site-ului \u0219i de a le furniza organismelor \u0219i institu\u021biilor guvernamentale relevante \u00een cazurile \u00een care acest lucru este rezonabil necesar pentru a p\u0103stra drepturile \u0219i interesele legale, proprietatea \u0219i securitatea NA CHISTO. EOOD precum \u0219i c\u0103tre ter\u021bi, \u00een cazurile de reclama\u021bii formulate \u00een leg\u0103tur\u0103 cu \u00eenc\u0103lcarea drepturilor acestora cu privire la utilizarea \u0219i\/sau distribuirea con\u021binutului publicat pe Site.<br \/>\nPentru a garanta fiabilitatea \u0219i securitatea con\u021binutului publicat pe Site \u0219i a serviciilor pe care NA CHISTO EOOD le furnizeaz\u0103, NA CHISTO EOOD \u00ee\u0219i rezerv\u0103 dreptul de a solicita asisten\u021b\u0103 de la autorit\u0103\u021bile competente \u00een cazul \u00eenc\u0103lc\u0103rilor grave ale Termenilor de Utilizare ale Site-ului. .<br \/>\nNA CHISTO EOOD are dreptul de a publica con\u021binut \u0219i informa\u021bii, inclusiv \u0219i nu numai sub form\u0103 de sondaje, stabilind feedback cu Utilizatorii Site-ului \u00een scopul \u00eembun\u0103t\u0103\u021birii calit\u0103\u021bii produselor \u0219i serviciilor pe care NA CHISTO EOOD le furnizeaz\u0103. Participarea la aceste activit\u0103\u021bi de c\u0103tre Utilizatorii Site-ului este voluntar\u0103.<br \/>\nNA CHISTO EOOD<\/p>\n<\/div>\n\n<\/div>\n","protected":false},"excerpt":{"rendered":"<div class=\"wp-editor\"><\/div>\n","protected":false},"author":1,"featured_media":0,"parent":0,"menu_order":0,"comment_status":"closed","ping_status":"closed","template":"","meta":{"_acf_changed":false,"footnotes":""},"class_list":["post-3186","page","type-page","status-publish","hentry"],"acf":[],"yoast_head":"<!-- This site is optimized with the Yoast SEO plugin v27.4 - https:\/\/yoast.com\/product\/yoast-seo-wordpress\/ -->\n<title>Termeni generali - Pensiune Chamurkov \u0437\u0430 \u0433\u043e\u0441\u0442\u0438 \u0434\u043e \u0412\u0435\u043b\u0438\u043a\u043e \u0422\u044a\u0440\u043d\u043e\u0432\u043e<\/title>\n<meta name=\"description\" content=\"Dac\u0103 ave\u021bi \u00eentreb\u0103ri, vom fi bucuro\u0219i s\u0103 le r\u0103spundem. Cu stim\u0103, pensiunea Chamurkova la numai 3 km de Veliko Tarnovo \u00een satul Malki Chiflik\" \/>\n<meta name=\"robots\" content=\"index, follow, max-snippet:-1, max-image-preview:large, max-video-preview:-1\" \/>\n<link rel=\"canonical\" href=\"https:\/\/chamurkov.com\/ro\/termeni-generali\/\" \/>\n<meta property=\"og:locale\" content=\"ro_RO\" \/>\n<meta property=\"og:type\" content=\"article\" \/>\n<meta property=\"og:title\" content=\"Termeni generali - Pensiune Chamurkov \u0437\u0430 \u0433\u043e\u0441\u0442\u0438 \u0434\u043e \u0412\u0435\u043b\u0438\u043a\u043e \u0422\u044a\u0440\u043d\u043e\u0432\u043e\" \/>\n<meta property=\"og:description\" content=\"Dac\u0103 ave\u021bi \u00eentreb\u0103ri, vom fi bucuro\u0219i s\u0103 le r\u0103spundem. Cu stim\u0103, pensiunea Chamurkova la numai 3 km de Veliko Tarnovo \u00een satul Malki Chiflik\" \/>\n<meta property=\"og:url\" content=\"https:\/\/chamurkov.com\/ro\/termeni-generali\/\" \/>\n<meta property=\"og:site_name\" content=\"Pensiune Chamurkov\" \/>\n<meta property=\"article:publisher\" content=\"https:\/\/www.facebook.com\/Chamurkovhouse\/\" \/>\n<meta property=\"article:modified_time\" content=\"2024-02-21T13:00:54+00:00\" \/>\n<meta name=\"twitter:card\" content=\"summary_large_image\" \/>\n<meta name=\"twitter:label1\" content=\"Timp estimat pentru citire\" \/>\n\t<meta name=\"twitter:data1\" content=\"5 minute\" \/>\n<script type=\"application\/ld+json\" class=\"yoast-schema-graph\">{\"@context\":\"https:\\\/\\\/schema.org\",\"@graph\":[{\"@type\":\"WebPage\",\"@id\":\"https:\\\/\\\/chamurkov.com\\\/ro\\\/termeni-generali\\\/\",\"url\":\"https:\\\/\\\/chamurkov.com\\\/ro\\\/termeni-generali\\\/\",\"name\":\"Termeni generali - Pensiune Chamurkov \u0437\u0430 \u0433\u043e\u0441\u0442\u0438 \u0434\u043e \u0412\u0435\u043b\u0438\u043a\u043e \u0422\u044a\u0440\u043d\u043e\u0432\u043e\",\"isPartOf\":{\"@id\":\"https:\\\/\\\/chamurkov.com\\\/ro\\\/#website\"},\"datePublished\":\"2024-01-02T12:02:47+00:00\",\"dateModified\":\"2024-02-21T13:00:54+00:00\",\"description\":\"Dac\u0103 ave\u021bi \u00eentreb\u0103ri, vom fi bucuro\u0219i s\u0103 le r\u0103spundem. Cu stim\u0103, pensiunea Chamurkova la numai 3 km de Veliko Tarnovo \u00een satul Malki Chiflik\",\"breadcrumb\":{\"@id\":\"https:\\\/\\\/chamurkov.com\\\/ro\\\/termeni-generali\\\/#breadcrumb\"},\"inLanguage\":\"ro-RO\",\"potentialAction\":[{\"@type\":\"ReadAction\",\"target\":[\"https:\\\/\\\/chamurkov.com\\\/ro\\\/termeni-generali\\\/\"]}]},{\"@type\":\"BreadcrumbList\",\"@id\":\"https:\\\/\\\/chamurkov.com\\\/ro\\\/termeni-generali\\\/#breadcrumb\",\"itemListElement\":[{\"@type\":\"ListItem\",\"position\":1,\"name\":\"Home\",\"item\":\"https:\\\/\\\/chamurkov.com\\\/ro\\\/\"},{\"@type\":\"ListItem\",\"position\":2,\"name\":\"Termeni generali\"}]},{\"@type\":\"WebSite\",\"@id\":\"https:\\\/\\\/chamurkov.com\\\/ro\\\/#website\",\"url\":\"https:\\\/\\\/chamurkov.com\\\/ro\\\/\",\"name\":\"\u0427\u0430\u043c\u0443\u0440\u043a\u043e\u0432\u0430\u0442\u0430 \u043a\u044a\u0448\u0430\",\"description\":\"Pace \u0219i lini\u0219te \u00een farmecul casei vechi.\",\"publisher\":{\"@id\":\"https:\\\/\\\/chamurkov.com\\\/ro\\\/#organization\"},\"alternateName\":\"\u043a\u044a\u0449\u0430 \u0437\u0430 \u0433\u043e\u0441\u0442\u0438 \u0432 \u0431\u0430\u043b\u043a\u0430\u043d\u0430. \u0422\u0438\u0448\u0438\u043d\u0430 \u0438 \u0441\u043f\u043e\u043a\u043e\u0439\u0441\u0442\u0432\u0438\u0435 \u0432 \u0447\u0430\u0440\u0430 \u043d\u0430 \u0441\u0442\u0430\u0440\u0438\u043d\u043d\u0430\u0442\u0430 \u043a\u044a\u0449\u0430.\",\"potentialAction\":[{\"@type\":\"SearchAction\",\"target\":{\"@type\":\"EntryPoint\",\"urlTemplate\":\"https:\\\/\\\/chamurkov.com\\\/ro\\\/?s={search_term_string}\"},\"query-input\":{\"@type\":\"PropertyValueSpecification\",\"valueRequired\":true,\"valueName\":\"search_term_string\"}}],\"inLanguage\":\"ro-RO\"},{\"@type\":\"Organization\",\"@id\":\"https:\\\/\\\/chamurkov.com\\\/ro\\\/#organization\",\"name\":\"\u041d\u0430 \u0427\u0438\u0441\u0442\u043e \u0415\u041e\u041e\u0414\",\"alternateName\":\"Na Chisto LTD\",\"url\":\"https:\\\/\\\/chamurkov.com\\\/ro\\\/\",\"logo\":{\"@type\":\"ImageObject\",\"inLanguage\":\"ro-RO\",\"@id\":\"https:\\\/\\\/chamurkov.com\\\/ro\\\/#\\\/schema\\\/logo\\\/image\\\/\",\"url\":\"https:\\\/\\\/chamurkov.com\\\/wp-content\\\/uploads\\\/2023\\\/12\\\/chamurkov-logo_icon-gradient.svg\",\"contentUrl\":\"https:\\\/\\\/chamurkov.com\\\/wp-content\\\/uploads\\\/2023\\\/12\\\/chamurkov-logo_icon-gradient.svg\",\"width\":70,\"height\":80,\"caption\":\"\u041d\u0430 \u0427\u0438\u0441\u0442\u043e \u0415\u041e\u041e\u0414\"},\"image\":{\"@id\":\"https:\\\/\\\/chamurkov.com\\\/ro\\\/#\\\/schema\\\/logo\\\/image\\\/\"},\"sameAs\":[\"https:\\\/\\\/www.facebook.com\\\/Chamurkovhouse\\\/\",\"https:\\\/\\\/www.instagram.com\\\/chamurkov_guesthouse\\\/\"]}]}<\/script>\n<!-- \/ Yoast SEO plugin. -->","yoast_head_json":{"title":"Termeni generali - Pensiune Chamurkov \u0437\u0430 \u0433\u043e\u0441\u0442\u0438 \u0434\u043e \u0412\u0435\u043b\u0438\u043a\u043e \u0422\u044a\u0440\u043d\u043e\u0432\u043e","description":"Dac\u0103 ave\u021bi \u00eentreb\u0103ri, vom fi bucuro\u0219i s\u0103 le r\u0103spundem. Cu stim\u0103, pensiunea Chamurkova la numai 3 km de Veliko Tarnovo \u00een satul Malki Chiflik","robots":{"index":"index","follow":"follow","max-snippet":"max-snippet:-1","max-image-preview":"max-image-preview:large","max-video-preview":"max-video-preview:-1"},"canonical":"https:\/\/chamurkov.com\/ro\/termeni-generali\/","og_locale":"ro_RO","og_type":"article","og_title":"Termeni generali - Pensiune Chamurkov \u0437\u0430 \u0433\u043e\u0441\u0442\u0438 \u0434\u043e \u0412\u0435\u043b\u0438\u043a\u043e \u0422\u044a\u0440\u043d\u043e\u0432\u043e","og_description":"Dac\u0103 ave\u021bi \u00eentreb\u0103ri, vom fi bucuro\u0219i s\u0103 le r\u0103spundem. Cu stim\u0103, pensiunea Chamurkova la numai 3 km de Veliko Tarnovo \u00een satul Malki Chiflik","og_url":"https:\/\/chamurkov.com\/ro\/termeni-generali\/","og_site_name":"Pensiune Chamurkov","article_publisher":"https:\/\/www.facebook.com\/Chamurkovhouse\/","article_modified_time":"2024-02-21T13:00:54+00:00","twitter_card":"summary_large_image","twitter_misc":{"Timp estimat pentru citire":"5 minute"},"schema":{"@context":"https:\/\/schema.org","@graph":[{"@type":"WebPage","@id":"https:\/\/chamurkov.com\/ro\/termeni-generali\/","url":"https:\/\/chamurkov.com\/ro\/termeni-generali\/","name":"Termeni generali - Pensiune Chamurkov \u0437\u0430 \u0433\u043e\u0441\u0442\u0438 \u0434\u043e \u0412\u0435\u043b\u0438\u043a\u043e \u0422\u044a\u0440\u043d\u043e\u0432\u043e","isPartOf":{"@id":"https:\/\/chamurkov.com\/ro\/#website"},"datePublished":"2024-01-02T12:02:47+00:00","dateModified":"2024-02-21T13:00:54+00:00","description":"Dac\u0103 ave\u021bi \u00eentreb\u0103ri, vom fi bucuro\u0219i s\u0103 le r\u0103spundem. Cu stim\u0103, pensiunea Chamurkova la numai 3 km de Veliko Tarnovo \u00een satul Malki Chiflik","breadcrumb":{"@id":"https:\/\/chamurkov.com\/ro\/termeni-generali\/#breadcrumb"},"inLanguage":"ro-RO","potentialAction":[{"@type":"ReadAction","target":["https:\/\/chamurkov.com\/ro\/termeni-generali\/"]}]},{"@type":"BreadcrumbList","@id":"https:\/\/chamurkov.com\/ro\/termeni-generali\/#breadcrumb","itemListElement":[{"@type":"ListItem","position":1,"name":"Home","item":"https:\/\/chamurkov.com\/ro\/"},{"@type":"ListItem","position":2,"name":"Termeni generali"}]},{"@type":"WebSite","@id":"https:\/\/chamurkov.com\/ro\/#website","url":"https:\/\/chamurkov.com\/ro\/","name":"\u0427\u0430\u043c\u0443\u0440\u043a\u043e\u0432\u0430\u0442\u0430 \u043a\u044a\u0448\u0430","description":"Pace \u0219i lini\u0219te \u00een farmecul casei vechi.","publisher":{"@id":"https:\/\/chamurkov.com\/ro\/#organization"},"alternateName":"\u043a\u044a\u0449\u0430 \u0437\u0430 \u0433\u043e\u0441\u0442\u0438 \u0432 \u0431\u0430\u043b\u043a\u0430\u043d\u0430. \u0422\u0438\u0448\u0438\u043d\u0430 \u0438 \u0441\u043f\u043e\u043a\u043e\u0439\u0441\u0442\u0432\u0438\u0435 \u0432 \u0447\u0430\u0440\u0430 \u043d\u0430 \u0441\u0442\u0430\u0440\u0438\u043d\u043d\u0430\u0442\u0430 \u043a\u044a\u0449\u0430.","potentialAction":[{"@type":"SearchAction","target":{"@type":"EntryPoint","urlTemplate":"https:\/\/chamurkov.com\/ro\/?s={search_term_string}"},"query-input":{"@type":"PropertyValueSpecification","valueRequired":true,"valueName":"search_term_string"}}],"inLanguage":"ro-RO"},{"@type":"Organization","@id":"https:\/\/chamurkov.com\/ro\/#organization","name":"\u041d\u0430 \u0427\u0438\u0441\u0442\u043e \u0415\u041e\u041e\u0414","alternateName":"Na Chisto LTD","url":"https:\/\/chamurkov.com\/ro\/","logo":{"@type":"ImageObject","inLanguage":"ro-RO","@id":"https:\/\/chamurkov.com\/ro\/#\/schema\/logo\/image\/","url":"https:\/\/chamurkov.com\/wp-content\/uploads\/2023\/12\/chamurkov-logo_icon-gradient.svg","contentUrl":"https:\/\/chamurkov.com\/wp-content\/uploads\/2023\/12\/chamurkov-logo_icon-gradient.svg","width":70,"height":80,"caption":"\u041d\u0430 \u0427\u0438\u0441\u0442\u043e \u0415\u041e\u041e\u0414"},"image":{"@id":"https:\/\/chamurkov.com\/ro\/#\/schema\/logo\/image\/"},"sameAs":["https:\/\/www.facebook.com\/Chamurkovhouse\/","https:\/\/www.instagram.com\/chamurkov_guesthouse\/"]}]}},"_links":{"self":[{"href":"https:\/\/chamurkov.com\/ro\/wp-json\/wp\/v2\/pages\/3186","targetHints":{"allow":["GET"]}}],"collection":[{"href":"https:\/\/chamurkov.com\/ro\/wp-json\/wp\/v2\/pages"}],"about":[{"href":"https:\/\/chamurkov.com\/ro\/wp-json\/wp\/v2\/types\/page"}],"author":[{"embeddable":true,"href":"https:\/\/chamurkov.com\/ro\/wp-json\/wp\/v2\/users\/1"}],"replies":[{"embeddable":true,"href":"https:\/\/chamurkov.com\/ro\/wp-json\/wp\/v2\/comments?post=3186"}],"version-history":[{"count":0,"href":"https:\/\/chamurkov.com\/ro\/wp-json\/wp\/v2\/pages\/3186\/revisions"}],"wp:attachment":[{"href":"https:\/\/chamurkov.com\/ro\/wp-json\/wp\/v2\/media?parent=3186"}],"curies":[{"name":"wp","href":"https:\/\/api.w.org\/{rel}","templated":true}]}}