{"id":3474,"date":"2024-01-11T13:46:14","date_gmt":"2024-01-11T11:46:14","guid":{"rendered":"https:\/\/chamurkov.com\/opisanie\/"},"modified":"2024-02-22T19:37:32","modified_gmt":"2024-02-22T17:37:32","slug":"descriere","status":"publish","type":"page","link":"https:\/\/chamurkov.com\/ro\/descriere\/","title":{"rendered":"Descriere"},"content":{"rendered":"<link id=\"igs-wpf-css\" type=\"text\/css\" data-href=\"https:\/\/chamurkov.com\/wp-content\/themes\/chamurkov\/resources\/css\/igs-wpf.css\" class=\"assets-lazy-style\" rel=\"stylesheet\" media=\"all\">\n<div class=\"mt-u-md-60 mb-u-md-60 mt-d-sm-30 mb-d-sm-30\">\n\n<div class=\"container wp-editor ts\">\n  <h1 style=\"text-align: center;\">Descriere<\/h1>\n<p>Casa lui Chamurkov este situat\u0103 la 3 km de Veliko T\u00e2rnovo, \u00een direc\u021bia Varna, \u00een satul Malki Chiflik. Construit\u0103 \u00een anul 1904, un secol mai t\u00e2rziu casa a fost restaurat\u0103 cu foarte mult\u0103 aten\u021bie, detaliu cu detaliu, iar interiorul a fost inspirat de arti\u0219ti \u0219i sculptori. Pere\u021bii sunt picta\u021bi cu vopsele acrilice cehe, iar culorile au modelat camera portocaliu, albastru, galben, violet, gri, roz \u0219i, desigur, camera noastr\u0103 secret\u0103 misterioas\u0103.<\/p>\n<p>Proprietatea este format\u0103 dintr-o cas\u0103 mare \u0219i o construc\u021bie ad\u0103ugat\u0103 cu garsoniera \u0219i dou\u0103 camere duble. Capacitatea total\u0103 este de 23 de persoane.<\/p>\n<p>Casa mare are 7 camere \/ 4 duble (2 + 2 de tranzi\u021bie), 2 triple \u0219i 1 single, 2 b\u0103i, 1 toalet\u0103 \/ \u0219i o tavern\u0103 pentru 25 de persoane cu echipament complet de buc\u0103t\u0103rie, internet Wi-Fi \u0219i calculator la dispozi\u021bie fiec\u0103rui oaspete. Capacitatea total\u0103 a casei principale este de 15 persoane.<\/p>\n<p>La primul etaj se afl\u0103 camera gri pentru 3 persoane, care are baie proprie. Aici se afl\u0103 \u0219i gr\u0103tarul interior, precum \u0219i tavern\u0103, a c\u0103rei suprafa\u021b\u0103 total\u0103 este de 45 mp. Mult confort \u0219i c\u0103ldur\u0103 \u00een el creeaz\u0103 \u0219emineul \u0219i paturi \u00eenguste de perete, mesele \u0219i scaunele formate \u00een jurul lui. Buc\u0103t\u0103ria este dotat\u0103 cu toate ustensilele necesare \u0219i cele mai moderne electrocasnice, inclusiv ma\u0219ina de sp\u0103lat vase \u0219i ma\u0219ina de sp\u0103lat rufe.<\/p>\n<p>La etajul doi sunt camerele Galben (pentru trei persoane), Roz (pentru doi) cu albastru de tranzi\u021bie (2), Mov (2) cu portocaliu de tranzi\u021bie (2) \u0219i Secret (pentru o persoan\u0103). Au o baie comun\u0103. De aici se dezv\u0103luie o priveli\u0219te pitoreasc\u0103 spre Veliko T\u00e2rnovo \u0219i Stara Planina. Toate camerele de aici sunt \u00een stil retro. Mobilierul este antic \u0219i restaurat de proprietar.<\/p>\n<p>Casa principal\u0103 este \u00eenc\u0103lzit\u0103 \u00een lunile de iarn\u0103 de un \u0219emineu cu lemne, cu o manta de ap\u0103 \u0219i calorifere \u00een toate camerele. Casa este cald\u0103 \u0219i izolat\u0103, are ziduri groase de 50-60 cm.<\/p>\n<p>Exist\u0103 un studio separat, al c\u0103rui interior este proiectat \u00een stil vintage, cu buc\u0103t\u0103rie complet utilat\u0103, baie, TV prin satelit, aer condi\u021bionat, pat queen size \u0219i canapea extensibil\u0103 confortabil\u0103. Capacitatea Studioului este de 2 + 2 persoane.<\/p>\n<p>\u00centr-o cl\u0103dire separat\u0103 sunt 2 camere duble mobilate \u00een stil tradi\u021bional bulg\u0103resc, fiecare cu baie proprie, aer condi\u021bionat \u0219i TV prin satelit. Camerele au ustensile \u0219i mas\u0103 \u00een interior pentru 6 persoane \u0219i mas\u0103 cu un mic gr\u0103tar exterior pentru 10 persoane l\u00e2ng\u0103 f\u00e2nt\u00e2n\u0103 la umbra viilor. Camerele au frigider, aparat de cafea, cuptor cu microunde \u0219i ceainic electric.<\/p>\n<p>Nu au facilit\u0103\u021bi de g\u0103tit, cum ar fi o buc\u0103t\u0103rie cu aragaz \u0219i plit\u0103.<\/p>\n<p>Capacitatea total\u0103 de cazare a Casei lui Chamurkov \u00een Veliko T\u00e2rnovo este de 23 de persoane.<\/p>\n<p>\u00cen curtea amenajat\u0103 v\u0103 pute\u021bi bucura de soare \u0219i aer curat, v\u0103 pute\u021bi relaxa \u00eentr-o piscin\u0103 prefabricat\u0103 confortabil\u0103, v\u0103 pute\u021bi apuca de jocuri distractive cu copiii sau pute\u021bi preg\u0103ti mese delicioase la cuptor \u0219i gr\u0103tar \u00een aer liber cu murmurul apei \u00een nop\u021bile r\u0103coroase de var\u0103.<\/p>\n<p>La 2 km de noi se afl\u0103 un lac de acumulare de pescuit \u0219i vederi panoramice ale Cet\u0103\u021bii Tsarevets \u0219i Parcului \u201eMini Bulgaria\u201c. La doar 3 km de noi se afl\u0103 parcul \u201eSveta Gora\u201d potrivit pentru \u00eentreag\u0103 familie. \u0218i rezerva\u021bia arhitectural\u0103 a satului Arbanassi este la doar 5 km.<\/p>\n<p>Astfel, Casa lui Chamurkov din Veliko T\u00e2rnovo devine un refugiu deosebit de pl\u0103cut pentru recreere. \u00centr-un sat lini\u0219tit \u0219i \u00een acela\u0219i timp aproape de ora\u0219ul plin de via\u021b\u0103 \u0219i de multe obiective turistice.<\/p>\n<p>Oferim un mic dejun de cas\u0103 pentru grupuri de peste 12 persoane. Pre\u021b: 6 BGN\/persoana. La cerere prealabil\u0103, se pot aranja toate tipurile de mese, inclusiv miel fript sau porcu\u0219or.<\/p>\n<p>V\u0103 putem ajuta la organizarea s\u0103rb\u0103toririi nun\u021bii dumneavoastr\u0103.<\/p>\n<p>Bine a\u021bi venit la Casa lui Chamurkov din Veliko T\u00e2rnovo sau mai precis la doar 3 km \u00een direc\u021bia Varna \u00een satul pitoresc Malki Chiflik.<\/p>\n<p>Pute\u021bi g\u0103si tot ce este interesant \u00een sec\u021biunea noastr\u0103 \u201eObiective turistice\u201d din Veliko T\u00e2rnovo <a href=\"https:\/\/chamurkov.com\/ro\/blog\/\" target=\"_blank\" rel=\"noopener\">https:\/\/chamurkov.com\/ro\/blog\/<\/a> \u0219i zona \u00eenconjur\u0103toare \u0219i informa\u021bii despre evenimente culturale \u0219i atrac\u021bii turistice la http:\/\/www.velikoturnovo.info<\/p>\n<div class=\"row\">\n<div class=\"col-md-12\">\n<p>&nbsp;<\/p>\n<h2 style=\"text-align: center;\">Bine ati venit!<\/h2>\n<\/div>\n<\/div>\n<\/div>\n\n<\/div>\n\n\n\n<div class=\"mt-u-md-60 mb-u-md-60 mt-d-sm-30 mb-d-sm-30\">\n\n<div class=\"container\">\n  \n  <div class=\"mb-u-sm-40 mb-o-xs-20\">\n    \n    \n    <h2 class=\"h2\"><\/h2>  <\/div>\n\n      <div class=\"row mx-o-xs-n5 gy-u-sm-30 gy-o-xs-10\">\n      \n<div class=\"col-u-sm-6 col-o-xs-6 px-o-xs-5\">\n  <figure class=\"ih loader\"><a href=\"https:\/\/chamurkov.com\/wp-content\/uploads\/2024\/01\/DJI_0018.jpg\" aria-label=\"Lightbox\" data-fslightbox=\"block_355051a49e43d4122953e48863ebb59a\"><img decoding=\"async\" width=\"570\" height=\"400\" data-src=\"https:\/\/chamurkov.com\/wp-content\/uploads\/2024\/01\/DJI_0018-570x400.jpg\" class=\"attachment-gallery_lg size-gallery_lg lazyload\" alt=\"\" src=\"data:image\/gif;base64,R0lGODlhAQABAAAAACH5BAEKAAEALAAAAAABAAEAAAICTAEAOw==\" style=\"--smush-placeholder-width: 570px; --smush-placeholder-aspect-ratio: 570\/400;\" \/><noscript><img decoding=\"async\" width=\"570\" height=\"400\" src=\"https:\/\/chamurkov.com\/wp-content\/uploads\/2024\/01\/DJI_0018-570x400.jpg\" class=\"attachment-gallery_lg size-gallery_lg\" alt=\"\" \/><\/noscript><\/a><\/figure>\n<\/div>\n\n<div class=\"col-u-sm-6 col-o-xs-6 px-o-xs-5\">\n  <figure class=\"ih loader\"><a href=\"https:\/\/chamurkov.com\/wp-content\/uploads\/2024\/01\/DJI_0007.jpg\" aria-label=\"Lightbox\" data-fslightbox=\"block_355051a49e43d4122953e48863ebb59a\"><img decoding=\"async\" width=\"570\" height=\"400\" data-src=\"https:\/\/chamurkov.com\/wp-content\/uploads\/2024\/01\/DJI_0007-570x400.jpg\" class=\"attachment-gallery_lg size-gallery_lg lazyload\" alt=\"\" src=\"data:image\/gif;base64,R0lGODlhAQABAAAAACH5BAEKAAEALAAAAAABAAEAAAICTAEAOw==\" style=\"--smush-placeholder-width: 570px; --smush-placeholder-aspect-ratio: 570\/400;\" \/><noscript><img decoding=\"async\" width=\"570\" height=\"400\" src=\"https:\/\/chamurkov.com\/wp-content\/uploads\/2024\/01\/DJI_0007-570x400.jpg\" class=\"attachment-gallery_lg size-gallery_lg\" alt=\"\" \/><\/noscript><\/a><\/figure>\n<\/div>\n\n<div class=\"col-u-sm-6 col-o-xs-6 px-o-xs-5\">\n  <figure class=\"ih loader\"><a href=\"https:\/\/chamurkov.com\/wp-content\/uploads\/2024\/01\/DJI_0039.jpg\" aria-label=\"Lightbox\" data-fslightbox=\"block_355051a49e43d4122953e48863ebb59a\"><img decoding=\"async\" width=\"570\" height=\"400\" data-src=\"https:\/\/chamurkov.com\/wp-content\/uploads\/2024\/01\/DJI_0039-570x400.jpg\" class=\"attachment-gallery_lg size-gallery_lg lazyload\" alt=\"\" src=\"data:image\/gif;base64,R0lGODlhAQABAAAAACH5BAEKAAEALAAAAAABAAEAAAICTAEAOw==\" style=\"--smush-placeholder-width: 570px; --smush-placeholder-aspect-ratio: 570\/400;\" \/><noscript><img decoding=\"async\" width=\"570\" height=\"400\" src=\"https:\/\/chamurkov.com\/wp-content\/uploads\/2024\/01\/DJI_0039-570x400.jpg\" class=\"attachment-gallery_lg size-gallery_lg\" alt=\"\" \/><\/noscript><\/a><\/figure>\n<\/div>\n\n<div class=\"col-u-sm-6 col-o-xs-6 px-o-xs-5\">\n  <figure class=\"ih loader\"><a href=\"https:\/\/chamurkov.com\/wp-content\/uploads\/2024\/01\/DJI_0042.jpg\" aria-label=\"Lightbox\" data-fslightbox=\"block_355051a49e43d4122953e48863ebb59a\"><img decoding=\"async\" width=\"570\" height=\"400\" data-src=\"https:\/\/chamurkov.com\/wp-content\/uploads\/2024\/01\/DJI_0042-570x400.jpg\" class=\"attachment-gallery_lg size-gallery_lg lazyload\" alt=\"\" src=\"data:image\/gif;base64,R0lGODlhAQABAAAAACH5BAEKAAEALAAAAAABAAEAAAICTAEAOw==\" style=\"--smush-placeholder-width: 570px; --smush-placeholder-aspect-ratio: 570\/400;\" \/><noscript><img decoding=\"async\" width=\"570\" height=\"400\" src=\"https:\/\/chamurkov.com\/wp-content\/uploads\/2024\/01\/DJI_0042-570x400.jpg\" class=\"attachment-gallery_lg size-gallery_lg\" alt=\"\" \/><\/noscript><\/a><\/figure>\n<\/div>\n\n<div class=\"col-u-sm-6 col-o-xs-6 px-o-xs-5\">\n  <figure class=\"ih loader\"><a href=\"https:\/\/chamurkov.com\/wp-content\/uploads\/2024\/01\/DJI_0029.jpg\" aria-label=\"Lightbox\" data-fslightbox=\"block_355051a49e43d4122953e48863ebb59a\"><img decoding=\"async\" width=\"570\" height=\"400\" data-src=\"https:\/\/chamurkov.com\/wp-content\/uploads\/2024\/01\/DJI_0029-570x400.jpg\" class=\"attachment-gallery_lg size-gallery_lg lazyload\" alt=\"\" src=\"data:image\/gif;base64,R0lGODlhAQABAAAAACH5BAEKAAEALAAAAAABAAEAAAICTAEAOw==\" style=\"--smush-placeholder-width: 570px; --smush-placeholder-aspect-ratio: 570\/400;\" \/><noscript><img decoding=\"async\" width=\"570\" height=\"400\" src=\"https:\/\/chamurkov.com\/wp-content\/uploads\/2024\/01\/DJI_0029-570x400.jpg\" class=\"attachment-gallery_lg size-gallery_lg\" alt=\"\" \/><\/noscript><\/a><\/figure>\n<\/div>\n\n<div class=\"col-u-sm-6 col-o-xs-6 px-o-xs-5\">\n  <figure class=\"ih loader\"><a href=\"https:\/\/chamurkov.com\/wp-content\/uploads\/2024\/01\/DJI_0004.jpg\" aria-label=\"Lightbox\" data-fslightbox=\"block_355051a49e43d4122953e48863ebb59a\"><img decoding=\"async\" width=\"570\" height=\"400\" data-src=\"https:\/\/chamurkov.com\/wp-content\/uploads\/2024\/01\/DJI_0004-570x400.jpg\" class=\"attachment-gallery_lg size-gallery_lg lazyload\" alt=\"\u0427\u0430\u043c\u0443\u0440\u043a\u043e\u0432\u0430\u0442\u0430 \u043a\u044a\u0449\u0430 \u0437\u0430 \u0433\u043e\u0441\u0442\u0438 \u0438 \u0412\u0435\u043b\u0438\u043a\u043e \u0422\u044a\u0440\u043d\u043e\u0432\u043e \u043e\u0442 \u0432\u0438\u0441\u043e\u043a\u043e\" src=\"data:image\/gif;base64,R0lGODlhAQABAAAAACH5BAEKAAEALAAAAAABAAEAAAICTAEAOw==\" style=\"--smush-placeholder-width: 570px; --smush-placeholder-aspect-ratio: 570\/400;\" \/><noscript><img decoding=\"async\" width=\"570\" height=\"400\" src=\"https:\/\/chamurkov.com\/wp-content\/uploads\/2024\/01\/DJI_0004-570x400.jpg\" class=\"attachment-gallery_lg size-gallery_lg\" alt=\"\u0427\u0430\u043c\u0443\u0440\u043a\u043e\u0432\u0430\u0442\u0430 \u043a\u044a\u0449\u0430 \u0437\u0430 \u0433\u043e\u0441\u0442\u0438 \u0438 \u0412\u0435\u043b\u0438\u043a\u043e \u0422\u044a\u0440\u043d\u043e\u0432\u043e \u043e\u0442 \u0432\u0438\u0441\u043e\u043a\u043e\" \/><\/noscript><\/a><\/figure>\n<\/div>\n    <\/div>\n  <\/div>\n\n<\/div>\n","protected":false},"excerpt":{"rendered":"<div class=\"wp-editor\"><\/div>\n","protected":false},"author":2,"featured_media":0,"parent":0,"menu_order":0,"comment_status":"closed","ping_status":"closed","template":"","meta":{"_acf_changed":true,"footnotes":""},"class_list":["post-3474","page","type-page","status-publish","hentry"],"acf":[],"yoast_head":"<!-- This site is optimized with the Yoast SEO plugin v27.4 - https:\/\/yoast.com\/product\/yoast-seo-wordpress\/ -->\n<title>Descriere - Pensiune Chamurkov 3 km de Veliko Tarnovo, Tsarevets si Arbanasi<\/title>\n<meta name=\"description\" content=\"Informa\u021bii detaliate despre pensiunea Chamurkova. Amenajarea camerelor \u0219i facilit\u0103\u021bilor pentru oaspe\u021bii no\u0219tri. Bine ati venit...\" \/>\n<meta name=\"robots\" content=\"index, follow, max-snippet:-1, max-image-preview:large, max-video-preview:-1\" \/>\n<link rel=\"canonical\" href=\"https:\/\/chamurkov.com\/ro\/descriere\/\" \/>\n<meta property=\"og:locale\" content=\"ro_RO\" \/>\n<meta property=\"og:type\" content=\"article\" \/>\n<meta property=\"og:title\" content=\"Descriere - Pensiune Chamurkov 3 km de Veliko Tarnovo, Tsarevets si Arbanasi\" \/>\n<meta property=\"og:description\" content=\"Informa\u021bii detaliate despre pensiunea Chamurkova. Amenajarea camerelor \u0219i facilit\u0103\u021bilor pentru oaspe\u021bii no\u0219tri. Bine ati venit...\" \/>\n<meta property=\"og:url\" content=\"https:\/\/chamurkov.com\/ro\/descriere\/\" \/>\n<meta property=\"og:site_name\" content=\"Pensiune Chamurkov\" \/>\n<meta property=\"article:publisher\" content=\"https:\/\/www.facebook.com\/Chamurkovhouse\/\" \/>\n<meta property=\"article:modified_time\" content=\"2024-02-22T17:37:32+00:00\" \/>\n<meta name=\"twitter:card\" content=\"summary_large_image\" \/>\n<meta name=\"twitter:label1\" content=\"Timp estimat pentru citire\" \/>\n\t<meta name=\"twitter:data1\" content=\"5 minute\" \/>\n<script type=\"application\/ld+json\" class=\"yoast-schema-graph\">{\"@context\":\"https:\\\/\\\/schema.org\",\"@graph\":[{\"@type\":\"WebPage\",\"@id\":\"https:\\\/\\\/chamurkov.com\\\/ro\\\/descriere\\\/\",\"url\":\"https:\\\/\\\/chamurkov.com\\\/ro\\\/descriere\\\/\",\"name\":\"Descriere - Pensiune Chamurkov 3 km de Veliko Tarnovo, Tsarevets si Arbanasi\",\"isPartOf\":{\"@id\":\"https:\\\/\\\/chamurkov.com\\\/ro\\\/#website\"},\"datePublished\":\"2024-01-11T11:46:14+00:00\",\"dateModified\":\"2024-02-22T17:37:32+00:00\",\"description\":\"Informa\u021bii detaliate despre pensiunea Chamurkova. Amenajarea camerelor \u0219i facilit\u0103\u021bilor pentru oaspe\u021bii no\u0219tri. Bine ati venit...\",\"breadcrumb\":{\"@id\":\"https:\\\/\\\/chamurkov.com\\\/ro\\\/descriere\\\/#breadcrumb\"},\"inLanguage\":\"ro-RO\",\"potentialAction\":[{\"@type\":\"ReadAction\",\"target\":[\"https:\\\/\\\/chamurkov.com\\\/ro\\\/descriere\\\/\"]}]},{\"@type\":\"BreadcrumbList\",\"@id\":\"https:\\\/\\\/chamurkov.com\\\/ro\\\/descriere\\\/#breadcrumb\",\"itemListElement\":[{\"@type\":\"ListItem\",\"position\":1,\"name\":\"Home\",\"item\":\"https:\\\/\\\/chamurkov.com\\\/ro\\\/\"},{\"@type\":\"ListItem\",\"position\":2,\"name\":\"Descriere\"}]},{\"@type\":\"WebSite\",\"@id\":\"https:\\\/\\\/chamurkov.com\\\/ro\\\/#website\",\"url\":\"https:\\\/\\\/chamurkov.com\\\/ro\\\/\",\"name\":\"\u0427\u0430\u043c\u0443\u0440\u043a\u043e\u0432\u0430\u0442\u0430 \u043a\u044a\u0448\u0430\",\"description\":\"Pace \u0219i lini\u0219te \u00een farmecul casei vechi.\",\"publisher\":{\"@id\":\"https:\\\/\\\/chamurkov.com\\\/ro\\\/#organization\"},\"alternateName\":\"\u043a\u044a\u0449\u0430 \u0437\u0430 \u0433\u043e\u0441\u0442\u0438 \u0432 \u0431\u0430\u043b\u043a\u0430\u043d\u0430. \u0422\u0438\u0448\u0438\u043d\u0430 \u0438 \u0441\u043f\u043e\u043a\u043e\u0439\u0441\u0442\u0432\u0438\u0435 \u0432 \u0447\u0430\u0440\u0430 \u043d\u0430 \u0441\u0442\u0430\u0440\u0438\u043d\u043d\u0430\u0442\u0430 \u043a\u044a\u0449\u0430.\",\"potentialAction\":[{\"@type\":\"SearchAction\",\"target\":{\"@type\":\"EntryPoint\",\"urlTemplate\":\"https:\\\/\\\/chamurkov.com\\\/ro\\\/?s={search_term_string}\"},\"query-input\":{\"@type\":\"PropertyValueSpecification\",\"valueRequired\":true,\"valueName\":\"search_term_string\"}}],\"inLanguage\":\"ro-RO\"},{\"@type\":\"Organization\",\"@id\":\"https:\\\/\\\/chamurkov.com\\\/ro\\\/#organization\",\"name\":\"\u041d\u0430 \u0427\u0438\u0441\u0442\u043e \u0415\u041e\u041e\u0414\",\"alternateName\":\"Na Chisto LTD\",\"url\":\"https:\\\/\\\/chamurkov.com\\\/ro\\\/\",\"logo\":{\"@type\":\"ImageObject\",\"inLanguage\":\"ro-RO\",\"@id\":\"https:\\\/\\\/chamurkov.com\\\/ro\\\/#\\\/schema\\\/logo\\\/image\\\/\",\"url\":\"https:\\\/\\\/chamurkov.com\\\/wp-content\\\/uploads\\\/2023\\\/12\\\/chamurkov-logo_icon-gradient.svg\",\"contentUrl\":\"https:\\\/\\\/chamurkov.com\\\/wp-content\\\/uploads\\\/2023\\\/12\\\/chamurkov-logo_icon-gradient.svg\",\"width\":70,\"height\":80,\"caption\":\"\u041d\u0430 \u0427\u0438\u0441\u0442\u043e \u0415\u041e\u041e\u0414\"},\"image\":{\"@id\":\"https:\\\/\\\/chamurkov.com\\\/ro\\\/#\\\/schema\\\/logo\\\/image\\\/\"},\"sameAs\":[\"https:\\\/\\\/www.facebook.com\\\/Chamurkovhouse\\\/\",\"https:\\\/\\\/www.instagram.com\\\/chamurkov_guesthouse\\\/\"]}]}<\/script>\n<!-- \/ Yoast SEO plugin. -->","yoast_head_json":{"title":"Descriere - Pensiune Chamurkov 3 km de Veliko Tarnovo, Tsarevets si Arbanasi","description":"Informa\u021bii detaliate despre pensiunea Chamurkova. Amenajarea camerelor \u0219i facilit\u0103\u021bilor pentru oaspe\u021bii no\u0219tri. Bine ati venit...","robots":{"index":"index","follow":"follow","max-snippet":"max-snippet:-1","max-image-preview":"max-image-preview:large","max-video-preview":"max-video-preview:-1"},"canonical":"https:\/\/chamurkov.com\/ro\/descriere\/","og_locale":"ro_RO","og_type":"article","og_title":"Descriere - Pensiune Chamurkov 3 km de Veliko Tarnovo, Tsarevets si Arbanasi","og_description":"Informa\u021bii detaliate despre pensiunea Chamurkova. Amenajarea camerelor \u0219i facilit\u0103\u021bilor pentru oaspe\u021bii no\u0219tri. Bine ati venit...","og_url":"https:\/\/chamurkov.com\/ro\/descriere\/","og_site_name":"Pensiune Chamurkov","article_publisher":"https:\/\/www.facebook.com\/Chamurkovhouse\/","article_modified_time":"2024-02-22T17:37:32+00:00","twitter_card":"summary_large_image","twitter_misc":{"Timp estimat pentru citire":"5 minute"},"schema":{"@context":"https:\/\/schema.org","@graph":[{"@type":"WebPage","@id":"https:\/\/chamurkov.com\/ro\/descriere\/","url":"https:\/\/chamurkov.com\/ro\/descriere\/","name":"Descriere - Pensiune Chamurkov 3 km de Veliko Tarnovo, Tsarevets si Arbanasi","isPartOf":{"@id":"https:\/\/chamurkov.com\/ro\/#website"},"datePublished":"2024-01-11T11:46:14+00:00","dateModified":"2024-02-22T17:37:32+00:00","description":"Informa\u021bii detaliate despre pensiunea Chamurkova. Amenajarea camerelor \u0219i facilit\u0103\u021bilor pentru oaspe\u021bii no\u0219tri. Bine ati venit...","breadcrumb":{"@id":"https:\/\/chamurkov.com\/ro\/descriere\/#breadcrumb"},"inLanguage":"ro-RO","potentialAction":[{"@type":"ReadAction","target":["https:\/\/chamurkov.com\/ro\/descriere\/"]}]},{"@type":"BreadcrumbList","@id":"https:\/\/chamurkov.com\/ro\/descriere\/#breadcrumb","itemListElement":[{"@type":"ListItem","position":1,"name":"Home","item":"https:\/\/chamurkov.com\/ro\/"},{"@type":"ListItem","position":2,"name":"Descriere"}]},{"@type":"WebSite","@id":"https:\/\/chamurkov.com\/ro\/#website","url":"https:\/\/chamurkov.com\/ro\/","name":"\u0427\u0430\u043c\u0443\u0440\u043a\u043e\u0432\u0430\u0442\u0430 \u043a\u044a\u0448\u0430","description":"Pace \u0219i lini\u0219te \u00een farmecul casei vechi.","publisher":{"@id":"https:\/\/chamurkov.com\/ro\/#organization"},"alternateName":"\u043a\u044a\u0449\u0430 \u0437\u0430 \u0433\u043e\u0441\u0442\u0438 \u0432 \u0431\u0430\u043b\u043a\u0430\u043d\u0430. \u0422\u0438\u0448\u0438\u043d\u0430 \u0438 \u0441\u043f\u043e\u043a\u043e\u0439\u0441\u0442\u0432\u0438\u0435 \u0432 \u0447\u0430\u0440\u0430 \u043d\u0430 \u0441\u0442\u0430\u0440\u0438\u043d\u043d\u0430\u0442\u0430 \u043a\u044a\u0449\u0430.","potentialAction":[{"@type":"SearchAction","target":{"@type":"EntryPoint","urlTemplate":"https:\/\/chamurkov.com\/ro\/?s={search_term_string}"},"query-input":{"@type":"PropertyValueSpecification","valueRequired":true,"valueName":"search_term_string"}}],"inLanguage":"ro-RO"},{"@type":"Organization","@id":"https:\/\/chamurkov.com\/ro\/#organization","name":"\u041d\u0430 \u0427\u0438\u0441\u0442\u043e \u0415\u041e\u041e\u0414","alternateName":"Na Chisto LTD","url":"https:\/\/chamurkov.com\/ro\/","logo":{"@type":"ImageObject","inLanguage":"ro-RO","@id":"https:\/\/chamurkov.com\/ro\/#\/schema\/logo\/image\/","url":"https:\/\/chamurkov.com\/wp-content\/uploads\/2023\/12\/chamurkov-logo_icon-gradient.svg","contentUrl":"https:\/\/chamurkov.com\/wp-content\/uploads\/2023\/12\/chamurkov-logo_icon-gradient.svg","width":70,"height":80,"caption":"\u041d\u0430 \u0427\u0438\u0441\u0442\u043e \u0415\u041e\u041e\u0414"},"image":{"@id":"https:\/\/chamurkov.com\/ro\/#\/schema\/logo\/image\/"},"sameAs":["https:\/\/www.facebook.com\/Chamurkovhouse\/","https:\/\/www.instagram.com\/chamurkov_guesthouse\/"]}]}},"_links":{"self":[{"href":"https:\/\/chamurkov.com\/ro\/wp-json\/wp\/v2\/pages\/3474","targetHints":{"allow":["GET"]}}],"collection":[{"href":"https:\/\/chamurkov.com\/ro\/wp-json\/wp\/v2\/pages"}],"about":[{"href":"https:\/\/chamurkov.com\/ro\/wp-json\/wp\/v2\/types\/page"}],"author":[{"embeddable":true,"href":"https:\/\/chamurkov.com\/ro\/wp-json\/wp\/v2\/users\/2"}],"replies":[{"embeddable":true,"href":"https:\/\/chamurkov.com\/ro\/wp-json\/wp\/v2\/comments?post=3474"}],"version-history":[{"count":0,"href":"https:\/\/chamurkov.com\/ro\/wp-json\/wp\/v2\/pages\/3474\/revisions"}],"wp:attachment":[{"href":"https:\/\/chamurkov.com\/ro\/wp-json\/wp\/v2\/media?parent=3474"}],"curies":[{"name":"wp","href":"https:\/\/api.w.org\/{rel}","templated":true}]}}