{"id":3478,"date":"2024-01-08T11:08:02","date_gmt":"2024-01-08T09:08:02","guid":{"rendered":"https:\/\/chamurkov.com\/istoria\/"},"modified":"2024-02-21T14:18:58","modified_gmt":"2024-02-21T12:18:58","slug":"istorie","status":"publish","type":"page","link":"https:\/\/chamurkov.com\/ro\/istorie\/","title":{"rendered":"Istorie"},"content":{"rendered":"<link id=\"igs-wpf-css\" type=\"text\/css\" data-href=\"https:\/\/chamurkov.com\/wp-content\/themes\/chamurkov\/resources\/css\/igs-wpf.css\" class=\"assets-lazy-style\" rel=\"stylesheet\" media=\"all\">\n<div class=\"mt-u-md-60 mb-u-md-60 mt-d-sm-30 mb-d-sm-30\">\n\n<div class=\"container wp-editor ts\">\n  <h1 style=\"text-align: center;\">Istorie<\/h1>\n<p>&nbsp;<\/p>\n<p>\u00cen \u00eendep\u0103rtatul\u00a0anul\u00a01898, \u00een satul Malki Chiflik, situat la doar 3 km de ora\u0219ul\u00a0<strong>Veliko T\u00e2rnovo<\/strong>, a \u00eenceput construc\u021bia\u00a0<strong>Casei\u00a0lui\u00a0Chamurkov<\/strong>, cunoscut\u0103 de noi ast\u0103zi. Construc\u021bia cl\u0103dirii a fost finalizat\u0103 \u00een\u00a0anul\u00a01904. \u00cen sat se afl\u0103 \u00een total cinci case asem\u0103n\u0103toare cu o vedere identic\u0103\u00a0asupra fa\u021badelor, bogat decorate cu ornamente \u0219i stil unic.\u00a0<strong>Casa lui Chamurkov<\/strong>\u00a0este cea mai mare dintre ele \u0219i, de asemenea, cea mai impresionant\u0103 cu culorile sale pitore\u0219ti \u0219i ornamenta\u021bia bogat\u0103 a fa\u021badei.<\/p>\n<p>Un secol mai t\u00e2rziu,\u00a0<strong>domnul Veselin Chamurkov<\/strong>\u00a0a cump\u0103rat casa de la proprietara de atunci, bunica Katya, care \u00eempreun\u0103 cu bunicul Gheorghi ducea o via\u021b\u0103\u00a0agricol\u0103\u00a0tipic\u0103 \u00een sat. Familia era implicat\u0103 \u00een cre\u0219terea animalelor \u0219i agricultur\u0103. \u00cen casa de pe pere\u021bii din buc\u0103t\u0103ria mic\u0103 se p\u0103streaz\u0103 fotografii vechi ale bunicii Katya \u0219i ale bunicului Georgi, \u00een semn de respect \u0219i stima.\u00a0<strong>Vesselin Chamurkov<\/strong>\u00a0\u00ee\u0219i asum\u0103 dificila sarcin\u0103 de a restaura\u00a0complet proprietatea la aspectul ini\u021bial, restabilind complet interiorul casei pentru a p\u0103stra toate elementele din lemn, frumoasele sculpturi \u00een lemn de pe pere\u021bi \u0219i tavane. De asemenea, a transformat fostul hambar de animale al bunicii Katya \u0219i al bunicului Gheorghi \u00een\u00a0Constuc\u021bia ad\u0103ugat\u0103\u00a0de ast\u0103zi a casei, care are propriul\u00a0Studio \u0219i\u00a0Suite\u00a0cu dou\u0103 camere duble.<\/p>\n<p><strong>Casa lui\u00a0Chamurkov<\/strong>\u00a0este complet actualizat\u0103 \u0219i adaptat\u0103 la experien\u021ba complet\u0103 a oaspe\u021bilor s\u0103i. Ofer\u0103 o experien\u021b\u0103 magic\u0103, o c\u0103l\u0103torie \u00eenapoi \u00een timp cu nostalgie pentru trecut \u0219i un gust de pace \u0219i lini\u0219te \u00een zilele cu ritm rapid de azi.\u00a0Interiorul are multe antichit\u0103\u021bi, cum ar fi mai multe radiouri, televizoare, pl\u0103ci rotative, iar cirea\u0219a de pe tort\u00a0este\u00a0pianul\u00a0vechi de 200 de ani\u00a0care lucreaz\u0103 cu aer.\u00a0Cl\u0103direa a devenit un centru pentru fotografi, arti\u0219ti \u0219i sculptori. Au fost organizate mai multe activit\u0103\u021bi artistice \u00een aer liber, unde mae\u0219trii artei \u0219i-au prezentat crea\u021biile.<\/p>\n<p>\u00cen\u00a0anul\u00a02016\u00a0<strong>Domnul Veselin Chamurkov<\/strong>\u00a0a trecut me\u0219te\u0219ugul \u00een m\u00e2inile fiilor s\u0103i Laz\u0103r \u0219i Aleko Chamurkovi, care p\u00e2n\u0103 \u00een prezent dezvolt\u0103 casa de oaspe\u021bi, oferind vizitatorilor s\u0103i o experien\u021b\u0103 incredibil\u0103 \u0219i personal\u0103, relaxare complet\u0103 \u0219i re\u00eenc\u0103rcare a con\u0219tiin\u021bei.<\/p>\n<p>\u00cen istoria sa de secole,\u00a0<strong>Casa lui\u00a0Chamurkov<\/strong>\u00a0a oferit reziden\u021bilor \u0219i oaspe\u021bilor s\u0103i at\u00e2t un loc pentru odihn\u0103 \u0219i relaxare, c\u00e2t \u0219i inspira\u021bie pentru munca \u0219i\u00a0lucrare\u00a0neobosit\u0103.<\/p>\n<p>&nbsp;<\/p>\n<p><strong>\u00a0 \u00a0 \u00a0 \u00a0 \u00a0 \u00a0 \u00a0 \u00a0 \u00a0 \u00a0 \u00a0 \u00a0 \u00a0 \u00a0 \u00a0 \u00a0 \u00a0 \u00a0 \u00a0 \u00a0 \u00a0 \u00a0 \u00a0 \u00a0 \u00a0 \u00a0 \u00a0 \u00a0Veselin Chamurkov \u2013 restaurator, colec\u021bionar \u0219i tata\u00a0celor\u00a0cinci copii<\/strong><\/p>\n<p>&nbsp;<\/p>\n<p>\u00cen\u00a0anul\u00a01979,\u00a0<strong>Veselin Chamurkov<\/strong>\u00a0a decis s\u0103 se mute la\u00a0<strong>Veliko T\u00e2rnovo<\/strong>\u00a0\u00eempreun\u0103 cu so\u021bia \u0219i fiica sa. Dup\u0103 ce a locuit p\u00e2n\u0103 atunci \u00een capital\u0103, a decis s\u0103 se \u00eendep\u0103rteze de haosul ora\u0219ului, s\u0103 se bucure de frumoasa natur\u0103 bulgar\u0103 \u0219i s\u0103 g\u0103seasc\u0103 un col\u021b mai lini\u0219tit pentru familia sa. Descoperind frumuse\u021bea lui\u00a0<strong>Veliko T\u00e2rnovo<\/strong>, familia nu s-a mai \u00eentors la Sofia.<\/p>\n<p>\u00cen anii 1990,\u00a0<strong>Veselin Chamurkov<\/strong>\u00a0a dat peste o cas\u0103 veche \u00een\u00a0<strong>satul Malki Chiflik<\/strong>, care i-a atras aten\u021bia \u0219i dup\u0103 c\u00e2\u021biva ani a reu\u0219it s\u0103 o cumpere de la proprietarii de atunci. Implicat anterior \u00eentr-un comer\u021b de succes cu rame,\u00a0<strong>Chamurkov<\/strong>\u00a0a observat poten\u021bialul acestui loc ceresc, de\u0219i casa era pe punctul de a se pr\u0103bu\u0219i.<\/p>\n<p>Investind toat\u0103 inima \u0219i munca \u00een\u00a0<strong>Casa\u00a0lui\u00a0Chamurkov<\/strong>,\u00a0<strong>Veselin<\/strong>\u00a0transform\u0103 locul \u00eentr-un col\u021b incredibil de relaxare \u0219i odihn\u0103, care marcheaz\u0103 o etap\u0103 cu totul nou\u0103 \u00een via\u021ba lui.\u00a0El d\u0103 o a doua via\u021b\u0103 casei vechi, p\u0103str\u00e2nd farmecul ei original.<\/p>\n<p>Cl\u0103direa este una dintre cele \u0219apte \u201ecase ruse\u0219ti\u201d din sat, cunoscut\u0103 pentru faptul c\u0103 proprietarii lor lucrau ca gr\u0103dinari \u00een Ucraina \u0219i veneau \u00een Bulgaria doar iarna.<\/p>\n<p>Procesul de restaurare a unei case vechi este mult mai complicat \u0219i mai laborios dec\u00e2t construirea uneia complet noi, a\u0219a cum este convins \u00eensu\u0219i\u00a0<strong>Veselin Chamurkov<\/strong>, dar recompensa pentru munca sa complet\u0103 este satisfac\u021bia \u0219i istoria care a fost p\u0103strat\u0103 datorit\u0103 eforturilor sale.<\/p>\n<p>Dup\u0103 p\u0103rerea\u00a0lui\u00a0<strong>Chamurkov<\/strong>, casa a fost construit\u0103 \u00eentr-un loc unic, deoarece prin sat trece briza mediteranean\u0103 vindec\u0103toare, ceea ce \u00eei ajut\u0103 pe astmatici \u0219i, de asemenea, \u00eembun\u0103t\u0103\u021be\u0219te calitatea somnului..<\/p>\n<p>Casa nu avea curte, dar\u00a0<strong>Veselin<\/strong>\u00a0a pus deoparte un loc \u0219i a f\u0103cut o gr\u0103din\u0103 frumoas\u0103. A construit o cascad\u0103 de ap\u0103 din pietre \u00eencorporate aduse de el din diferite loca\u021bii, inclusiv\u00a0<strong>M\u0103n\u0103stirea\u00a0din\u00a0Rila<\/strong>\u00a0\u0219i\u00a0<strong>Localitatea\u00a0\u201eRupite\u201c<\/strong>.<\/p>\n<p>Restaurarea interiorului casei necesit\u0103 nu mai pu\u021bin efort. Pentru ea,\u00a0<strong>Veselin<\/strong>\u00a0s-a consultat \u0219i a lucrat cu arti\u0219ti celebri, a colec\u021bionat antichit\u0103\u021bi timp de 15 ani, iar toate acestea se v\u0103d \u0219i se simt \u00een fiecare dintre \u00eenc\u0103perile pe care le are casa, decorate cu tablouri unice \u0219i mobilier autentic.<\/p>\n<p><strong>Veselin Chamurkov\u00a0<\/strong>spune c\u0103 secretul cre\u0103rii \u0219i conserv\u0103rii acestui loc minunat este\u00a0<strong>dragostea<\/strong>. Cu mult\u0103 dragoste pentru ceea ce face a fost adunat\u0103 colec\u021bia sa de diverse obiecte vechi, precum 1000 de\u00a0pl\u0103ci, 25 de gramofoane, prima televiziune bulgar\u0103 \u0219i rus\u0103, zeci de radiouri, ma\u0219ini de scris, aparate de fotografiat, radiouri, sticle cu \u021bari bulgari. \u015fi domnitori \u015fi multe alte antichit\u0103\u0163i valoroase.<\/p>\n<p>Ast\u0103zi,\u00a0<strong>Casa lui\u00a0Chamurkov<\/strong>\u00a0este vizitat\u0103 \u00een mod regulat de mul\u021bi bulgari \u0219i str\u0103ini, oameni inteligen\u021bi \u0219i arti\u0219ti. Unii dintre cei mai cunoscu\u021bi invita\u021bi sunt\u00a0Vasil Naudenov, Marius Kurkinski, c\u00e2nt\u0103rea\u021ba Kamelia, rapperul 100 de kilograme, Anton Hekimyan,\u00a0c\u00e2nt\u0103re\u021bul\u00a0din\u00a0<strong>T\u00e2rnovo<\/strong>\u00a0Petko Savov \u0219i mul\u021bi al\u021bi.<\/p>\n<p><strong>Casa\u00a0lui\u00a0Chamurkov\u00a0<\/strong>este\u00a0\u0219i locul\u00a0\u00een care\u00a0<strong>Veselin<\/strong>\u00a0se bucur\u0103\u00a0de familia sa numeroas\u0103, care a\u00a0crescut\u00a0la 5 copii &#8211; fiica sa, cu care a sosit din capital\u0103\u00a0\u00een c\u0103utarea de aventuri\u00a0noi \u0219i dup\u0103\u00a0ea i s-au n\u0103scut dou\u0103 perechi de gemeni, un fenomen unic, mai ales pentru Bulgaria.<\/p>\n<p>&nbsp;<\/p>\n<\/div>\n\n<\/div>\n\n\n\n<div class=\"mt-u-md-60 mb-u-md-60 mt-d-sm-30 mb-d-sm-30\">\n\n<div class=\"container wp-editor ts\">\n  <\/div>\n\n<\/div>\n\n\n\n<div class=\"mt-u-md-60 mb-u-md-60 mt-d-sm-30 mb-d-sm-30\">\n\n<div class=\"container\">\n  \n  <div class=\"mb-u-sm-40 mb-o-xs-20\">\n    \n    \n    <h2 class=\"h2\"><\/h2>  <\/div>\n\n      <div class=\"row mx-o-xs-n5 gy-u-sm-30 gy-o-xs-10\">\n      \n<div class=\"col-u-sm-6 col-o-xs-6 px-o-xs-5\">\n  <figure class=\"ih loader\"><a href=\"https:\/\/chamurkov.com\/wp-content\/uploads\/2024\/01\/IMG_0403.jpg\" aria-label=\"Lightbox\" data-fslightbox=\"block_bc3736f81b4bcf34731b5ebe5b58d836\"><img decoding=\"async\" width=\"570\" height=\"400\" data-src=\"https:\/\/chamurkov.com\/wp-content\/uploads\/2024\/01\/IMG_0403-570x400.jpg\" class=\"attachment-gallery_lg size-gallery_lg lazyload\" alt=\"\u0427\u0430\u043c\u0443\u0440\u043a\u043e\u0432\u0430\u0442\u0430 \u043a\u044a\u0449\u0430 \u0437\u0430 \u0433\u043e\u0441\u0442\u0438 \u0432\u044a\u0432 \u0412\u0435\u043b\u0438\u043a\u043e \u0422\u044a\u0440\u043d\u043e\u0432\u043e\" src=\"data:image\/gif;base64,R0lGODlhAQABAAAAACH5BAEKAAEALAAAAAABAAEAAAICTAEAOw==\" style=\"--smush-placeholder-width: 570px; --smush-placeholder-aspect-ratio: 570\/400;\" \/><noscript><img decoding=\"async\" width=\"570\" height=\"400\" src=\"https:\/\/chamurkov.com\/wp-content\/uploads\/2024\/01\/IMG_0403-570x400.jpg\" class=\"attachment-gallery_lg size-gallery_lg\" alt=\"\u0427\u0430\u043c\u0443\u0440\u043a\u043e\u0432\u0430\u0442\u0430 \u043a\u044a\u0449\u0430 \u0437\u0430 \u0433\u043e\u0441\u0442\u0438 \u0432\u044a\u0432 \u0412\u0435\u043b\u0438\u043a\u043e \u0422\u044a\u0440\u043d\u043e\u0432\u043e\" \/><\/noscript><\/a><\/figure>\n<\/div>\n\n<div class=\"col-u-sm-6 col-o-xs-6 px-o-xs-5\">\n  <figure class=\"ih loader\"><a href=\"https:\/\/chamurkov.com\/wp-content\/uploads\/2024\/01\/004-25.jpg\" aria-label=\"Lightbox\" data-fslightbox=\"block_bc3736f81b4bcf34731b5ebe5b58d836\"><img decoding=\"async\" width=\"570\" height=\"400\" data-src=\"https:\/\/chamurkov.com\/wp-content\/uploads\/2024\/01\/004-25-570x400.jpg\" class=\"attachment-gallery_lg size-gallery_lg lazyload\" alt=\"\u0427\u0430\u043c\u0443\u0440\u043a\u043e\u0432\u0430\u0442\u0430 \u043a\u044a\u0449\u0430 \u0437\u0430 \u0433\u043e\u0441\u0442\u0438 \u0441 \u043c\u0435\u0445\u0430\u043d\u0430 \u0434\u043e \u0412\u0435\u043b\u0438\u043a\u043e \u0422\u044a\u0440\u043d\u043e\u0432\u043e\" src=\"data:image\/gif;base64,R0lGODlhAQABAAAAACH5BAEKAAEALAAAAAABAAEAAAICTAEAOw==\" style=\"--smush-placeholder-width: 570px; --smush-placeholder-aspect-ratio: 570\/400;\" \/><noscript><img decoding=\"async\" width=\"570\" height=\"400\" src=\"https:\/\/chamurkov.com\/wp-content\/uploads\/2024\/01\/004-25-570x400.jpg\" class=\"attachment-gallery_lg size-gallery_lg\" alt=\"\u0427\u0430\u043c\u0443\u0440\u043a\u043e\u0432\u0430\u0442\u0430 \u043a\u044a\u0449\u0430 \u0437\u0430 \u0433\u043e\u0441\u0442\u0438 \u0441 \u043c\u0435\u0445\u0430\u043d\u0430 \u0434\u043e \u0412\u0435\u043b\u0438\u043a\u043e \u0422\u044a\u0440\u043d\u043e\u0432\u043e\" \/><\/noscript><\/a><\/figure>\n<\/div>\n    <\/div>\n  <\/div>\n\n<\/div>\n","protected":false},"excerpt":{"rendered":"<div class=\"wp-editor\"><\/div>\n","protected":false},"author":2,"featured_media":0,"parent":0,"menu_order":0,"comment_status":"closed","ping_status":"closed","template":"","meta":{"_acf_changed":false,"footnotes":""},"class_list":["post-3478","page","type-page","status-publish","hentry"],"acf":[],"yoast_head":"<!-- This site is optimized with the Yoast SEO plugin v27.4 - https:\/\/yoast.com\/product\/yoast-seo-wordpress\/ -->\n<title>Istorie - cum a fost creat Pensiune Chamurkov Veliko Tarnovo<\/title>\n<meta name=\"description\" content=\"Fapte interesante despre muzeul casei vechi de 120 de ani, re\u00eenviat de domnul Veselin Chamurkov la \u00eenceputul secolului al XXI-lea\" \/>\n<meta name=\"robots\" content=\"index, follow, max-snippet:-1, max-image-preview:large, max-video-preview:-1\" \/>\n<link rel=\"canonical\" href=\"https:\/\/chamurkov.com\/ro\/istorie\/\" \/>\n<meta property=\"og:locale\" content=\"ro_RO\" \/>\n<meta property=\"og:type\" content=\"article\" \/>\n<meta property=\"og:title\" content=\"Istorie - cum a fost creat Pensiune Chamurkov Veliko Tarnovo\" \/>\n<meta property=\"og:description\" content=\"Fapte interesante despre muzeul casei vechi de 120 de ani, re\u00eenviat de domnul Veselin Chamurkov la \u00eenceputul secolului al XXI-lea\" \/>\n<meta property=\"og:url\" content=\"https:\/\/chamurkov.com\/ro\/istorie\/\" \/>\n<meta property=\"og:site_name\" content=\"Pensiune Chamurkov\" \/>\n<meta property=\"article:publisher\" content=\"https:\/\/www.facebook.com\/Chamurkovhouse\/\" \/>\n<meta property=\"article:modified_time\" content=\"2024-02-21T12:18:58+00:00\" \/>\n<meta name=\"twitter:card\" content=\"summary_large_image\" \/>\n<meta name=\"twitter:label1\" content=\"Timp estimat pentru citire\" \/>\n\t<meta name=\"twitter:data1\" content=\"6 minute\" \/>\n<script type=\"application\/ld+json\" class=\"yoast-schema-graph\">{\"@context\":\"https:\\\/\\\/schema.org\",\"@graph\":[{\"@type\":\"WebPage\",\"@id\":\"https:\\\/\\\/chamurkov.com\\\/ro\\\/istorie\\\/\",\"url\":\"https:\\\/\\\/chamurkov.com\\\/ro\\\/istorie\\\/\",\"name\":\"Istorie - cum a fost creat Pensiune Chamurkov Veliko Tarnovo\",\"isPartOf\":{\"@id\":\"https:\\\/\\\/chamurkov.com\\\/ro\\\/#website\"},\"datePublished\":\"2024-01-08T09:08:02+00:00\",\"dateModified\":\"2024-02-21T12:18:58+00:00\",\"description\":\"Fapte interesante despre muzeul casei vechi de 120 de ani, re\u00eenviat de domnul Veselin Chamurkov la \u00eenceputul secolului al XXI-lea\",\"breadcrumb\":{\"@id\":\"https:\\\/\\\/chamurkov.com\\\/ro\\\/istorie\\\/#breadcrumb\"},\"inLanguage\":\"ro-RO\",\"potentialAction\":[{\"@type\":\"ReadAction\",\"target\":[\"https:\\\/\\\/chamurkov.com\\\/ro\\\/istorie\\\/\"]}]},{\"@type\":\"BreadcrumbList\",\"@id\":\"https:\\\/\\\/chamurkov.com\\\/ro\\\/istorie\\\/#breadcrumb\",\"itemListElement\":[{\"@type\":\"ListItem\",\"position\":1,\"name\":\"Home\",\"item\":\"https:\\\/\\\/chamurkov.com\\\/ro\\\/\"},{\"@type\":\"ListItem\",\"position\":2,\"name\":\"Istorie\"}]},{\"@type\":\"WebSite\",\"@id\":\"https:\\\/\\\/chamurkov.com\\\/ro\\\/#website\",\"url\":\"https:\\\/\\\/chamurkov.com\\\/ro\\\/\",\"name\":\"\u0427\u0430\u043c\u0443\u0440\u043a\u043e\u0432\u0430\u0442\u0430 \u043a\u044a\u0448\u0430\",\"description\":\"Pace \u0219i lini\u0219te \u00een farmecul casei vechi.\",\"publisher\":{\"@id\":\"https:\\\/\\\/chamurkov.com\\\/ro\\\/#organization\"},\"alternateName\":\"\u043a\u044a\u0449\u0430 \u0437\u0430 \u0433\u043e\u0441\u0442\u0438 \u0432 \u0431\u0430\u043b\u043a\u0430\u043d\u0430. \u0422\u0438\u0448\u0438\u043d\u0430 \u0438 \u0441\u043f\u043e\u043a\u043e\u0439\u0441\u0442\u0432\u0438\u0435 \u0432 \u0447\u0430\u0440\u0430 \u043d\u0430 \u0441\u0442\u0430\u0440\u0438\u043d\u043d\u0430\u0442\u0430 \u043a\u044a\u0449\u0430.\",\"potentialAction\":[{\"@type\":\"SearchAction\",\"target\":{\"@type\":\"EntryPoint\",\"urlTemplate\":\"https:\\\/\\\/chamurkov.com\\\/ro\\\/?s={search_term_string}\"},\"query-input\":{\"@type\":\"PropertyValueSpecification\",\"valueRequired\":true,\"valueName\":\"search_term_string\"}}],\"inLanguage\":\"ro-RO\"},{\"@type\":\"Organization\",\"@id\":\"https:\\\/\\\/chamurkov.com\\\/ro\\\/#organization\",\"name\":\"\u041d\u0430 \u0427\u0438\u0441\u0442\u043e \u0415\u041e\u041e\u0414\",\"alternateName\":\"Na Chisto LTD\",\"url\":\"https:\\\/\\\/chamurkov.com\\\/ro\\\/\",\"logo\":{\"@type\":\"ImageObject\",\"inLanguage\":\"ro-RO\",\"@id\":\"https:\\\/\\\/chamurkov.com\\\/ro\\\/#\\\/schema\\\/logo\\\/image\\\/\",\"url\":\"https:\\\/\\\/chamurkov.com\\\/wp-content\\\/uploads\\\/2023\\\/12\\\/chamurkov-logo_icon-gradient.svg\",\"contentUrl\":\"https:\\\/\\\/chamurkov.com\\\/wp-content\\\/uploads\\\/2023\\\/12\\\/chamurkov-logo_icon-gradient.svg\",\"width\":70,\"height\":80,\"caption\":\"\u041d\u0430 \u0427\u0438\u0441\u0442\u043e \u0415\u041e\u041e\u0414\"},\"image\":{\"@id\":\"https:\\\/\\\/chamurkov.com\\\/ro\\\/#\\\/schema\\\/logo\\\/image\\\/\"},\"sameAs\":[\"https:\\\/\\\/www.facebook.com\\\/Chamurkovhouse\\\/\",\"https:\\\/\\\/www.instagram.com\\\/chamurkov_guesthouse\\\/\"]}]}<\/script>\n<!-- \/ Yoast SEO plugin. -->","yoast_head_json":{"title":"Istorie - cum a fost creat Pensiune Chamurkov Veliko Tarnovo","description":"Fapte interesante despre muzeul casei vechi de 120 de ani, re\u00eenviat de domnul Veselin Chamurkov la \u00eenceputul secolului al XXI-lea","robots":{"index":"index","follow":"follow","max-snippet":"max-snippet:-1","max-image-preview":"max-image-preview:large","max-video-preview":"max-video-preview:-1"},"canonical":"https:\/\/chamurkov.com\/ro\/istorie\/","og_locale":"ro_RO","og_type":"article","og_title":"Istorie - cum a fost creat Pensiune Chamurkov Veliko Tarnovo","og_description":"Fapte interesante despre muzeul casei vechi de 120 de ani, re\u00eenviat de domnul Veselin Chamurkov la \u00eenceputul secolului al XXI-lea","og_url":"https:\/\/chamurkov.com\/ro\/istorie\/","og_site_name":"Pensiune Chamurkov","article_publisher":"https:\/\/www.facebook.com\/Chamurkovhouse\/","article_modified_time":"2024-02-21T12:18:58+00:00","twitter_card":"summary_large_image","twitter_misc":{"Timp estimat pentru citire":"6 minute"},"schema":{"@context":"https:\/\/schema.org","@graph":[{"@type":"WebPage","@id":"https:\/\/chamurkov.com\/ro\/istorie\/","url":"https:\/\/chamurkov.com\/ro\/istorie\/","name":"Istorie - cum a fost creat Pensiune Chamurkov Veliko Tarnovo","isPartOf":{"@id":"https:\/\/chamurkov.com\/ro\/#website"},"datePublished":"2024-01-08T09:08:02+00:00","dateModified":"2024-02-21T12:18:58+00:00","description":"Fapte interesante despre muzeul casei vechi de 120 de ani, re\u00eenviat de domnul Veselin Chamurkov la \u00eenceputul secolului al XXI-lea","breadcrumb":{"@id":"https:\/\/chamurkov.com\/ro\/istorie\/#breadcrumb"},"inLanguage":"ro-RO","potentialAction":[{"@type":"ReadAction","target":["https:\/\/chamurkov.com\/ro\/istorie\/"]}]},{"@type":"BreadcrumbList","@id":"https:\/\/chamurkov.com\/ro\/istorie\/#breadcrumb","itemListElement":[{"@type":"ListItem","position":1,"name":"Home","item":"https:\/\/chamurkov.com\/ro\/"},{"@type":"ListItem","position":2,"name":"Istorie"}]},{"@type":"WebSite","@id":"https:\/\/chamurkov.com\/ro\/#website","url":"https:\/\/chamurkov.com\/ro\/","name":"\u0427\u0430\u043c\u0443\u0440\u043a\u043e\u0432\u0430\u0442\u0430 \u043a\u044a\u0448\u0430","description":"Pace \u0219i lini\u0219te \u00een farmecul casei vechi.","publisher":{"@id":"https:\/\/chamurkov.com\/ro\/#organization"},"alternateName":"\u043a\u044a\u0449\u0430 \u0437\u0430 \u0433\u043e\u0441\u0442\u0438 \u0432 \u0431\u0430\u043b\u043a\u0430\u043d\u0430. \u0422\u0438\u0448\u0438\u043d\u0430 \u0438 \u0441\u043f\u043e\u043a\u043e\u0439\u0441\u0442\u0432\u0438\u0435 \u0432 \u0447\u0430\u0440\u0430 \u043d\u0430 \u0441\u0442\u0430\u0440\u0438\u043d\u043d\u0430\u0442\u0430 \u043a\u044a\u0449\u0430.","potentialAction":[{"@type":"SearchAction","target":{"@type":"EntryPoint","urlTemplate":"https:\/\/chamurkov.com\/ro\/?s={search_term_string}"},"query-input":{"@type":"PropertyValueSpecification","valueRequired":true,"valueName":"search_term_string"}}],"inLanguage":"ro-RO"},{"@type":"Organization","@id":"https:\/\/chamurkov.com\/ro\/#organization","name":"\u041d\u0430 \u0427\u0438\u0441\u0442\u043e \u0415\u041e\u041e\u0414","alternateName":"Na Chisto LTD","url":"https:\/\/chamurkov.com\/ro\/","logo":{"@type":"ImageObject","inLanguage":"ro-RO","@id":"https:\/\/chamurkov.com\/ro\/#\/schema\/logo\/image\/","url":"https:\/\/chamurkov.com\/wp-content\/uploads\/2023\/12\/chamurkov-logo_icon-gradient.svg","contentUrl":"https:\/\/chamurkov.com\/wp-content\/uploads\/2023\/12\/chamurkov-logo_icon-gradient.svg","width":70,"height":80,"caption":"\u041d\u0430 \u0427\u0438\u0441\u0442\u043e \u0415\u041e\u041e\u0414"},"image":{"@id":"https:\/\/chamurkov.com\/ro\/#\/schema\/logo\/image\/"},"sameAs":["https:\/\/www.facebook.com\/Chamurkovhouse\/","https:\/\/www.instagram.com\/chamurkov_guesthouse\/"]}]}},"_links":{"self":[{"href":"https:\/\/chamurkov.com\/ro\/wp-json\/wp\/v2\/pages\/3478","targetHints":{"allow":["GET"]}}],"collection":[{"href":"https:\/\/chamurkov.com\/ro\/wp-json\/wp\/v2\/pages"}],"about":[{"href":"https:\/\/chamurkov.com\/ro\/wp-json\/wp\/v2\/types\/page"}],"author":[{"embeddable":true,"href":"https:\/\/chamurkov.com\/ro\/wp-json\/wp\/v2\/users\/2"}],"replies":[{"embeddable":true,"href":"https:\/\/chamurkov.com\/ro\/wp-json\/wp\/v2\/comments?post=3478"}],"version-history":[{"count":0,"href":"https:\/\/chamurkov.com\/ro\/wp-json\/wp\/v2\/pages\/3478\/revisions"}],"wp:attachment":[{"href":"https:\/\/chamurkov.com\/ro\/wp-json\/wp\/v2\/media?parent=3478"}],"curies":[{"name":"wp","href":"https:\/\/api.w.org\/{rel}","templated":true}]}}