{"id":3483,"date":"2024-01-11T14:01:01","date_gmt":"2024-01-11T12:01:01","guid":{"rendered":"https:\/\/chamurkov.com\/misia\/"},"modified":"2024-02-21T14:29:06","modified_gmt":"2024-02-21T12:29:06","slug":"misiune","status":"publish","type":"page","link":"https:\/\/chamurkov.com\/ro\/misiune\/","title":{"rendered":"Misiune"},"content":{"rendered":"<link id=\"igs-wpf-css\" type=\"text\/css\" data-href=\"https:\/\/chamurkov.com\/wp-content\/themes\/chamurkov\/resources\/css\/igs-wpf.css\" class=\"assets-lazy-style\" rel=\"stylesheet\" media=\"all\">\n<div class=\"mt-u-md-60 mb-u-md-60 mt-d-sm-30 mb-d-sm-30\">\n\n<div class=\"container wp-editor ts\">\n  <h1 style=\"text-align: center;\">Misiune<\/h1>\n<p>&nbsp;<\/p>\n<p><strong>\u00a0 \u00a0 \u00a0 \u00a0 \u00a0 \u00a0 Casa lui Chamurkov<\/strong>\u00a0este un paradis situat \u00een satul pitoresc bulgar Malki Chiflik, la 3 km de\u00a0<strong>Veliko T\u00e2rnovo<\/strong>.<\/p>\n<p>Misiunea proprietarilor,\u00a0<strong>fra\u021bii Laz\u0103r \u0219i Aleko Chamurkovi<\/strong>, este de a v\u0103 oferi o c\u0103l\u0103torie \u00eenapoi \u00een timp \u00eentr-o cas\u0103-muzeu a tradi\u0163iilor bulgare\u00a0\u00een combina\u021bie cu dot\u0103rile moderne \u0219i contemporane de care ave\u021bi nevoie..<\/p>\n<p>Interiorul \u0219i mediul\u00a0\u00eenconjur\u0103tor ale\u00a0mini complexului\u00a0v\u0103\u00a0transport\u0103 \u00een trecutul \u00eendep\u0103rtat, aduc\u00e2nd spiritul \u0219i lini\u0219tea vie\u021bii rurale, departe de cotidianul agitat \u0219i zgomotos din marele ora\u0219.<\/p>\n<p>Toate camerele din\u00a0<strong>Casa lui Chamurkov<\/strong>\u00a0sunt \u00een stil retro antic \u0219i restaurate de proprietar &#8211; tat\u0103l fra\u021bilor Chamurkovi\u00a0&#8211;\u00a0<strong>domnul Veselin Chamurkov<\/strong>, care a dorit s\u0103 p\u0103streze magia \u0219i farmecul trecutului.<\/p>\n<p>Cu o capacitate pentru un total de 25 de oaspe\u021bi,\u00a0<strong>casa<\/strong>\u00a0ofer\u0103\u00a0un loc de odihn\u0103\u00a0\u0219i relaxare, spa\u021biu pentru\u00a0\u00eent\u00e2lniri de afaceri, home office sau team building, precum\u00a0\u0219i s\u0103rb\u0103torirea celor mai personale s\u0103rb\u0103tori ale dumneavoastr\u0103, precum botez, nunt\u0103, diverse s\u0103rb\u0103tori de familie.<\/p>\n<p>Taverna pe care o are\u00a0<strong>Casa lui Chamurkov<\/strong>\u00a0se transform\u0103 cu u\u0219urin\u021b\u0103 \u00eentr-un spa\u021biu pentru nevoile\u00a0dumneavoastr\u0103: o sal\u0103 de conferin\u021be sau un mini restaurant pentru\u00a0s\u0103rb\u0103torire \u0219i petreceri.<\/p>\n<p>\u00cen plus,\u00a0<strong>casa<\/strong>\u00a0dispune de toate facilit\u0103\u021bile moderne: gr\u0103tar exterior \u0219i interior, \u0219emineu, electrocasnice moderne, ma\u0219in\u0103 de sp\u0103lat vase \u0219i ma\u0219in\u0103 de sp\u0103lat\u00a0rufe.<\/p>\n<p>Zona din jurul\u00a0<strong>satului Malki Chiflik<\/strong>\u00a0este bogat\u0103 \u00een mo\u0219tenire istoric\u0103 \u0219i cultural\u0103, iar proprietarii\u00a0<strong>Casei de oaspe\u021bi a lui Chamurkov<\/strong>\u00a0pe\u00a0<a href=\"http:\/\/www.chamurkov.com\/\"><strong>www.chamurkov.com<\/strong><\/a>\u00a0\u00een sec\u021biunea Obiective turistice au preg\u0103tit o list\u0103 detaliat\u0103 a atrac\u021biilor turistice pe care le pute\u021bi\u00a0vizita \u00een timpul\u00a0sta\u021bion\u0103rii\u00a0dumneavostr\u0103.<\/p>\n<p><strong>Casa\u00a0lui\u00a0Chamurkov<\/strong>\u00a0este un loc potrivit pentru orice ocazie \u0219i scop al vacan\u021bei sau \u00eent\u00e2lnirii de afaceri. Personalul \u0219i proprietarii sunt gata s\u0103 r\u0103spund\u0103 oric\u0103rei idei sau nevoi creative\u00a0ale dumneavoastr\u0103, inclusiv catering pentru micul dejun &#8211; pr\u00e2nz &#8211; cin\u0103, decorarea nun\u021bii sau petrecerilor \u0219i organizarea evenimentului dumneavoastr\u0103\u00a0pentru a v\u0103 face\u00a0sta\u021bionarea\u00a0o experien\u021b\u0103 memorabil\u0103 \u0219i satisf\u0103c\u0103toare.<\/p>\n<\/div>\n\n<\/div>\n","protected":false},"excerpt":{"rendered":"<div class=\"wp-editor\"><\/div>\n","protected":false},"author":2,"featured_media":0,"parent":0,"menu_order":0,"comment_status":"closed","ping_status":"closed","template":"","meta":{"_acf_changed":false,"footnotes":""},"class_list":["post-3483","page","type-page","status-publish","hentry"],"acf":[],"yoast_head":"<!-- This site is optimized with the Yoast SEO plugin v27.4 - https:\/\/yoast.com\/product\/yoast-seo-wordpress\/ -->\n<title>Misiune proprietarilor Pensiune Chamurkov O c\u0103l\u0103torie \u00eenapoi \u00een timp<\/title>\n<meta name=\"description\" content=\"Casa Chamurkova - muzeu. Sim\u021bi\u021bi modul de via\u021b\u0103 \u0219i cultura str\u0103mo\u0219ilor no\u0219tri din timpul Rena\u0219terii. Atmosfer\u0103 str\u0103veche...\" \/>\n<meta name=\"robots\" content=\"index, follow, max-snippet:-1, max-image-preview:large, max-video-preview:-1\" \/>\n<link rel=\"canonical\" href=\"https:\/\/chamurkov.com\/ro\/misiune\/\" \/>\n<meta property=\"og:locale\" content=\"ro_RO\" \/>\n<meta property=\"og:type\" content=\"article\" \/>\n<meta property=\"og:title\" content=\"Misiune proprietarilor Pensiune Chamurkov O c\u0103l\u0103torie \u00eenapoi \u00een timp\" \/>\n<meta property=\"og:description\" content=\"Casa Chamurkova - muzeu. Sim\u021bi\u021bi modul de via\u021b\u0103 \u0219i cultura str\u0103mo\u0219ilor no\u0219tri din timpul Rena\u0219terii. Atmosfer\u0103 str\u0103veche...\" \/>\n<meta property=\"og:url\" content=\"https:\/\/chamurkov.com\/ro\/misiune\/\" \/>\n<meta property=\"og:site_name\" content=\"Pensiune Chamurkov\" \/>\n<meta property=\"article:publisher\" content=\"https:\/\/www.facebook.com\/Chamurkovhouse\/\" \/>\n<meta property=\"article:modified_time\" content=\"2024-02-21T12:29:06+00:00\" \/>\n<meta name=\"twitter:card\" content=\"summary_large_image\" \/>\n<meta name=\"twitter:label1\" content=\"Timp estimat pentru citire\" \/>\n\t<meta name=\"twitter:data1\" content=\"2 minute\" \/>\n<script type=\"application\/ld+json\" class=\"yoast-schema-graph\">{\"@context\":\"https:\\\/\\\/schema.org\",\"@graph\":[{\"@type\":\"WebPage\",\"@id\":\"https:\\\/\\\/chamurkov.com\\\/ro\\\/misiune\\\/\",\"url\":\"https:\\\/\\\/chamurkov.com\\\/ro\\\/misiune\\\/\",\"name\":\"Misiune proprietarilor Pensiune Chamurkov O c\u0103l\u0103torie \u00eenapoi \u00een timp\",\"isPartOf\":{\"@id\":\"https:\\\/\\\/chamurkov.com\\\/ro\\\/#website\"},\"datePublished\":\"2024-01-11T12:01:01+00:00\",\"dateModified\":\"2024-02-21T12:29:06+00:00\",\"description\":\"Casa Chamurkova - muzeu. Sim\u021bi\u021bi modul de via\u021b\u0103 \u0219i cultura str\u0103mo\u0219ilor no\u0219tri din timpul Rena\u0219terii. Atmosfer\u0103 str\u0103veche...\",\"breadcrumb\":{\"@id\":\"https:\\\/\\\/chamurkov.com\\\/ro\\\/misiune\\\/#breadcrumb\"},\"inLanguage\":\"ro-RO\",\"potentialAction\":[{\"@type\":\"ReadAction\",\"target\":[\"https:\\\/\\\/chamurkov.com\\\/ro\\\/misiune\\\/\"]}]},{\"@type\":\"BreadcrumbList\",\"@id\":\"https:\\\/\\\/chamurkov.com\\\/ro\\\/misiune\\\/#breadcrumb\",\"itemListElement\":[{\"@type\":\"ListItem\",\"position\":1,\"name\":\"Home\",\"item\":\"https:\\\/\\\/chamurkov.com\\\/ro\\\/\"},{\"@type\":\"ListItem\",\"position\":2,\"name\":\"Misiune\"}]},{\"@type\":\"WebSite\",\"@id\":\"https:\\\/\\\/chamurkov.com\\\/ro\\\/#website\",\"url\":\"https:\\\/\\\/chamurkov.com\\\/ro\\\/\",\"name\":\"\u0427\u0430\u043c\u0443\u0440\u043a\u043e\u0432\u0430\u0442\u0430 \u043a\u044a\u0448\u0430\",\"description\":\"Pace \u0219i lini\u0219te \u00een farmecul casei vechi.\",\"publisher\":{\"@id\":\"https:\\\/\\\/chamurkov.com\\\/ro\\\/#organization\"},\"alternateName\":\"\u043a\u044a\u0449\u0430 \u0437\u0430 \u0433\u043e\u0441\u0442\u0438 \u0432 \u0431\u0430\u043b\u043a\u0430\u043d\u0430. \u0422\u0438\u0448\u0438\u043d\u0430 \u0438 \u0441\u043f\u043e\u043a\u043e\u0439\u0441\u0442\u0432\u0438\u0435 \u0432 \u0447\u0430\u0440\u0430 \u043d\u0430 \u0441\u0442\u0430\u0440\u0438\u043d\u043d\u0430\u0442\u0430 \u043a\u044a\u0449\u0430.\",\"potentialAction\":[{\"@type\":\"SearchAction\",\"target\":{\"@type\":\"EntryPoint\",\"urlTemplate\":\"https:\\\/\\\/chamurkov.com\\\/ro\\\/?s={search_term_string}\"},\"query-input\":{\"@type\":\"PropertyValueSpecification\",\"valueRequired\":true,\"valueName\":\"search_term_string\"}}],\"inLanguage\":\"ro-RO\"},{\"@type\":\"Organization\",\"@id\":\"https:\\\/\\\/chamurkov.com\\\/ro\\\/#organization\",\"name\":\"\u041d\u0430 \u0427\u0438\u0441\u0442\u043e \u0415\u041e\u041e\u0414\",\"alternateName\":\"Na Chisto LTD\",\"url\":\"https:\\\/\\\/chamurkov.com\\\/ro\\\/\",\"logo\":{\"@type\":\"ImageObject\",\"inLanguage\":\"ro-RO\",\"@id\":\"https:\\\/\\\/chamurkov.com\\\/ro\\\/#\\\/schema\\\/logo\\\/image\\\/\",\"url\":\"https:\\\/\\\/chamurkov.com\\\/wp-content\\\/uploads\\\/2023\\\/12\\\/chamurkov-logo_icon-gradient.svg\",\"contentUrl\":\"https:\\\/\\\/chamurkov.com\\\/wp-content\\\/uploads\\\/2023\\\/12\\\/chamurkov-logo_icon-gradient.svg\",\"width\":70,\"height\":80,\"caption\":\"\u041d\u0430 \u0427\u0438\u0441\u0442\u043e \u0415\u041e\u041e\u0414\"},\"image\":{\"@id\":\"https:\\\/\\\/chamurkov.com\\\/ro\\\/#\\\/schema\\\/logo\\\/image\\\/\"},\"sameAs\":[\"https:\\\/\\\/www.facebook.com\\\/Chamurkovhouse\\\/\",\"https:\\\/\\\/www.instagram.com\\\/chamurkov_guesthouse\\\/\"]}]}<\/script>\n<!-- \/ Yoast SEO plugin. -->","yoast_head_json":{"title":"Misiune proprietarilor Pensiune Chamurkov O c\u0103l\u0103torie \u00eenapoi \u00een timp","description":"Casa Chamurkova - muzeu. Sim\u021bi\u021bi modul de via\u021b\u0103 \u0219i cultura str\u0103mo\u0219ilor no\u0219tri din timpul Rena\u0219terii. Atmosfer\u0103 str\u0103veche...","robots":{"index":"index","follow":"follow","max-snippet":"max-snippet:-1","max-image-preview":"max-image-preview:large","max-video-preview":"max-video-preview:-1"},"canonical":"https:\/\/chamurkov.com\/ro\/misiune\/","og_locale":"ro_RO","og_type":"article","og_title":"Misiune proprietarilor Pensiune Chamurkov O c\u0103l\u0103torie \u00eenapoi \u00een timp","og_description":"Casa Chamurkova - muzeu. Sim\u021bi\u021bi modul de via\u021b\u0103 \u0219i cultura str\u0103mo\u0219ilor no\u0219tri din timpul Rena\u0219terii. Atmosfer\u0103 str\u0103veche...","og_url":"https:\/\/chamurkov.com\/ro\/misiune\/","og_site_name":"Pensiune Chamurkov","article_publisher":"https:\/\/www.facebook.com\/Chamurkovhouse\/","article_modified_time":"2024-02-21T12:29:06+00:00","twitter_card":"summary_large_image","twitter_misc":{"Timp estimat pentru citire":"2 minute"},"schema":{"@context":"https:\/\/schema.org","@graph":[{"@type":"WebPage","@id":"https:\/\/chamurkov.com\/ro\/misiune\/","url":"https:\/\/chamurkov.com\/ro\/misiune\/","name":"Misiune proprietarilor Pensiune Chamurkov O c\u0103l\u0103torie \u00eenapoi \u00een timp","isPartOf":{"@id":"https:\/\/chamurkov.com\/ro\/#website"},"datePublished":"2024-01-11T12:01:01+00:00","dateModified":"2024-02-21T12:29:06+00:00","description":"Casa Chamurkova - muzeu. Sim\u021bi\u021bi modul de via\u021b\u0103 \u0219i cultura str\u0103mo\u0219ilor no\u0219tri din timpul Rena\u0219terii. Atmosfer\u0103 str\u0103veche...","breadcrumb":{"@id":"https:\/\/chamurkov.com\/ro\/misiune\/#breadcrumb"},"inLanguage":"ro-RO","potentialAction":[{"@type":"ReadAction","target":["https:\/\/chamurkov.com\/ro\/misiune\/"]}]},{"@type":"BreadcrumbList","@id":"https:\/\/chamurkov.com\/ro\/misiune\/#breadcrumb","itemListElement":[{"@type":"ListItem","position":1,"name":"Home","item":"https:\/\/chamurkov.com\/ro\/"},{"@type":"ListItem","position":2,"name":"Misiune"}]},{"@type":"WebSite","@id":"https:\/\/chamurkov.com\/ro\/#website","url":"https:\/\/chamurkov.com\/ro\/","name":"\u0427\u0430\u043c\u0443\u0440\u043a\u043e\u0432\u0430\u0442\u0430 \u043a\u044a\u0448\u0430","description":"Pace \u0219i lini\u0219te \u00een farmecul casei vechi.","publisher":{"@id":"https:\/\/chamurkov.com\/ro\/#organization"},"alternateName":"\u043a\u044a\u0449\u0430 \u0437\u0430 \u0433\u043e\u0441\u0442\u0438 \u0432 \u0431\u0430\u043b\u043a\u0430\u043d\u0430. \u0422\u0438\u0448\u0438\u043d\u0430 \u0438 \u0441\u043f\u043e\u043a\u043e\u0439\u0441\u0442\u0432\u0438\u0435 \u0432 \u0447\u0430\u0440\u0430 \u043d\u0430 \u0441\u0442\u0430\u0440\u0438\u043d\u043d\u0430\u0442\u0430 \u043a\u044a\u0449\u0430.","potentialAction":[{"@type":"SearchAction","target":{"@type":"EntryPoint","urlTemplate":"https:\/\/chamurkov.com\/ro\/?s={search_term_string}"},"query-input":{"@type":"PropertyValueSpecification","valueRequired":true,"valueName":"search_term_string"}}],"inLanguage":"ro-RO"},{"@type":"Organization","@id":"https:\/\/chamurkov.com\/ro\/#organization","name":"\u041d\u0430 \u0427\u0438\u0441\u0442\u043e \u0415\u041e\u041e\u0414","alternateName":"Na Chisto LTD","url":"https:\/\/chamurkov.com\/ro\/","logo":{"@type":"ImageObject","inLanguage":"ro-RO","@id":"https:\/\/chamurkov.com\/ro\/#\/schema\/logo\/image\/","url":"https:\/\/chamurkov.com\/wp-content\/uploads\/2023\/12\/chamurkov-logo_icon-gradient.svg","contentUrl":"https:\/\/chamurkov.com\/wp-content\/uploads\/2023\/12\/chamurkov-logo_icon-gradient.svg","width":70,"height":80,"caption":"\u041d\u0430 \u0427\u0438\u0441\u0442\u043e \u0415\u041e\u041e\u0414"},"image":{"@id":"https:\/\/chamurkov.com\/ro\/#\/schema\/logo\/image\/"},"sameAs":["https:\/\/www.facebook.com\/Chamurkovhouse\/","https:\/\/www.instagram.com\/chamurkov_guesthouse\/"]}]}},"_links":{"self":[{"href":"https:\/\/chamurkov.com\/ro\/wp-json\/wp\/v2\/pages\/3483","targetHints":{"allow":["GET"]}}],"collection":[{"href":"https:\/\/chamurkov.com\/ro\/wp-json\/wp\/v2\/pages"}],"about":[{"href":"https:\/\/chamurkov.com\/ro\/wp-json\/wp\/v2\/types\/page"}],"author":[{"embeddable":true,"href":"https:\/\/chamurkov.com\/ro\/wp-json\/wp\/v2\/users\/2"}],"replies":[{"embeddable":true,"href":"https:\/\/chamurkov.com\/ro\/wp-json\/wp\/v2\/comments?post=3483"}],"version-history":[{"count":0,"href":"https:\/\/chamurkov.com\/ro\/wp-json\/wp\/v2\/pages\/3483\/revisions"}],"wp:attachment":[{"href":"https:\/\/chamurkov.com\/ro\/wp-json\/wp\/v2\/media?parent=3483"}],"curies":[{"name":"wp","href":"https:\/\/api.w.org\/{rel}","templated":true}]}}