{"id":3501,"date":"2024-01-08T11:12:43","date_gmt":"2024-01-08T09:12:43","guid":{"rendered":"https:\/\/chamurkov.com\/ceni\/"},"modified":"2026-04-21T05:32:03","modified_gmt":"2026-04-21T02:32:03","slug":"preturi","status":"publish","type":"page","link":"https:\/\/chamurkov.com\/ro\/preturi\/","title":{"rendered":"Preturi"},"content":{"rendered":"<link id=\"igs-prices-css\" type=\"text\/css\" href=\"https:\/\/chamurkov.com\/wp-content\/themes\/chamurkov\/resources\/css\/igs-prices.css\" rel=\"preload stylesheet\" as=\"style\" media=\"all\">\n<div class=\"mt-u-md-60 mt-d-sm-60 ta-u-md-c ta-d-sm-c\">\n\n<div class=\"container\">\n  \n  <div class=\"mb-u-sm-40 mb-o-xs-20\">\n    \n    \n    <h1 class=\"h2 fw-b\">Preturi<\/h1>  <\/div>\n\n  <div class=\"row gy-30 ta-l\">\n    \n<div class=\"col-u-md-3 col-o-sm-6 col-o-xs-12\">\n  <div class=\"p__box d-f f-c h-100 b-1 bc-2 bg-w ps-r\">\n    <figure class=\"fif h-200\">\n      <img decoding=\"async\" width=\"1920\" height=\"1280\" data-src=\"https:\/\/chamurkov.com\/wp-content\/uploads\/2024\/01\/DSC03041-HDR-min-min.jpg\" class=\"attachment-full size-full lazyload\" alt=\"\" data-srcset=\"https:\/\/chamurkov.com\/wp-content\/uploads\/2024\/01\/DSC03041-HDR-min-min.jpg 1920w, https:\/\/chamurkov.com\/wp-content\/uploads\/2024\/01\/DSC03041-HDR-min-min-270x180.jpg 270w, https:\/\/chamurkov.com\/wp-content\/uploads\/2024\/01\/DSC03041-HDR-min-min-770x513.jpg 770w, https:\/\/chamurkov.com\/wp-content\/uploads\/2024\/01\/DSC03041-HDR-min-min-585x390.jpg 585w\" data-sizes=\"(max-width: 1920px) 100vw, 1920px\" src=\"data:image\/gif;base64,R0lGODlhAQABAAAAACH5BAEKAAEALAAAAAABAAEAAAICTAEAOw==\" style=\"--smush-placeholder-width: 1920px; --smush-placeholder-aspect-ratio: 1920\/1280;\" \/><noscript><img decoding=\"async\" width=\"1920\" height=\"1280\" src=\"https:\/\/chamurkov.com\/wp-content\/uploads\/2024\/01\/DSC03041-HDR-min-min.jpg\" class=\"attachment-full size-full\" alt=\"\" srcset=\"https:\/\/chamurkov.com\/wp-content\/uploads\/2024\/01\/DSC03041-HDR-min-min.jpg 1920w, https:\/\/chamurkov.com\/wp-content\/uploads\/2024\/01\/DSC03041-HDR-min-min-270x180.jpg 270w, https:\/\/chamurkov.com\/wp-content\/uploads\/2024\/01\/DSC03041-HDR-min-min-770x513.jpg 770w, https:\/\/chamurkov.com\/wp-content\/uploads\/2024\/01\/DSC03041-HDR-min-min-585x390.jpg 585w\" sizes=\"(max-width: 1920px) 100vw, 1920px\" \/><\/noscript>    <\/figure>\n\n    <div class=\"p-20 d-f f-c gy-15\">\n      <h2 class=\"h5\"> Casa Mare<\/h2>\n\n              <ul class=\"prices_options fs-14\">\n                      <li class=\"d-f ai-c gx-5\">\n              <span class=\"f-1\">paturi de o persoan\u0103<\/span>\n              <strong class=\"f-a\">5<\/strong>\n            <\/li>\n                      <li class=\"d-f ai-c gx-5\">\n              <span class=\"f-1\">paturi duble<\/span>\n              <strong class=\"f-a\">5<\/strong>\n            <\/li>\n                      <li class=\"d-f ai-c gx-5\">\n              <span class=\"f-1\">B\u0103i<\/span>\n              <strong class=\"f-a\">3<\/strong>\n            <\/li>\n                      <li class=\"d-f ai-c gx-5\">\n              <span class=\"f-1\">Pre\u021b<\/span>\n              <strong class=\"f-a\">390 \u20ac<\/strong>\n            <\/li>\n                      <li class=\"d-f ai-c gx-5\">\n              <span class=\"f-1\">Capacitate<\/span>\n              <strong class=\"f-a\">17 oaspe\u021bii<\/strong>\n            <\/li>\n                  <\/ul>\n          <\/div>\n\n          <a href=\"https:\/\/chamurkov.com\/ro\/rooms\/casa-mare\/\" class=\"btn bg-2 bg-h-1 tc-w w-100 mt-a l-str\">F\u0103 o rezervare<\/a>\n      <\/div>\n<\/div>\n\n<div class=\"col-u-md-3 col-o-sm-6 col-o-xs-12\">\n  <div class=\"p__box d-f f-c h-100 b-1 bc-2 bg-w ps-r\">\n    <figure class=\"fif h-200\">\n      <img decoding=\"async\" width=\"1920\" height=\"1280\" data-src=\"https:\/\/chamurkov.com\/wp-content\/uploads\/2024\/01\/DSC02771-HDR-2.jpg\" class=\"attachment-full size-full lazyload\" alt=\"\" data-srcset=\"https:\/\/chamurkov.com\/wp-content\/uploads\/2024\/01\/DSC02771-HDR-2.jpg 1920w, https:\/\/chamurkov.com\/wp-content\/uploads\/2024\/01\/DSC02771-HDR-2-270x180.jpg 270w, https:\/\/chamurkov.com\/wp-content\/uploads\/2024\/01\/DSC02771-HDR-2-770x513.jpg 770w, https:\/\/chamurkov.com\/wp-content\/uploads\/2024\/01\/DSC02771-HDR-2-585x390.jpg 585w\" data-sizes=\"(max-width: 1920px) 100vw, 1920px\" src=\"data:image\/gif;base64,R0lGODlhAQABAAAAACH5BAEKAAEALAAAAAABAAEAAAICTAEAOw==\" style=\"--smush-placeholder-width: 1920px; --smush-placeholder-aspect-ratio: 1920\/1280;\" \/><noscript><img decoding=\"async\" width=\"1920\" height=\"1280\" src=\"https:\/\/chamurkov.com\/wp-content\/uploads\/2024\/01\/DSC02771-HDR-2.jpg\" class=\"attachment-full size-full\" alt=\"\" srcset=\"https:\/\/chamurkov.com\/wp-content\/uploads\/2024\/01\/DSC02771-HDR-2.jpg 1920w, https:\/\/chamurkov.com\/wp-content\/uploads\/2024\/01\/DSC02771-HDR-2-270x180.jpg 270w, https:\/\/chamurkov.com\/wp-content\/uploads\/2024\/01\/DSC02771-HDR-2-770x513.jpg 770w, https:\/\/chamurkov.com\/wp-content\/uploads\/2024\/01\/DSC02771-HDR-2-585x390.jpg 585w\" sizes=\"(max-width: 1920px) 100vw, 1920px\" \/><\/noscript>    <\/figure>\n\n    <div class=\"p-20 d-f f-c gy-15\">\n      <h2 class=\"h5\">Studio<\/h2>\n\n              <ul class=\"prices_options fs-14\">\n                      <li class=\"d-f ai-c gx-5\">\n              <span class=\"f-1\">1 oaspe\u021bii<\/span>\n              <strong class=\"f-a\">30 \u20ac<\/strong>\n            <\/li>\n                      <li class=\"d-f ai-c gx-5\">\n              <span class=\"f-1\">2 oaspe\u021bii<\/span>\n              <strong class=\"f-a\">40 \u20ac<\/strong>\n            <\/li>\n                      <li class=\"d-f ai-c gx-5\">\n              <span class=\"f-1\">3 oaspe\u021bii<\/span>\n              <strong class=\"f-a\">50 \u20ac<\/strong>\n            <\/li>\n                      <li class=\"d-f ai-c gx-5\">\n              <span class=\"f-1\">4 oaspe\u021bii<\/span>\n              <strong class=\"f-a\">60 \u20ac<\/strong>\n            <\/li>\n                      <li class=\"d-f ai-c gx-5\">\n              <span class=\"f-1\">Capacitate<\/span>\n              <strong class=\"f-a\">4 oaspe\u021bii<\/strong>\n            <\/li>\n                  <\/ul>\n          <\/div>\n\n          <a href=\"https:\/\/chamurkov.com\/ro\/rooms\/studio\/\" class=\"btn bg-2 bg-h-1 tc-w w-100 mt-a l-str\">F\u0103 o rezervare<\/a>\n      <\/div>\n<\/div>\n\n<div class=\"col-u-md-3 col-o-sm-6 col-o-xs-12\">\n  <div class=\"p__box d-f f-c h-100 b-1 bc-2 bg-w ps-r\">\n    <figure class=\"fif h-200\">\n      <img decoding=\"async\" width=\"1920\" height=\"1280\" data-src=\"https:\/\/chamurkov.com\/wp-content\/uploads\/2024\/01\/DSC02972-HDR.jpg\" class=\"attachment-full size-full lazyload\" alt=\"\" data-srcset=\"https:\/\/chamurkov.com\/wp-content\/uploads\/2024\/01\/DSC02972-HDR.jpg 1920w, https:\/\/chamurkov.com\/wp-content\/uploads\/2024\/01\/DSC02972-HDR-270x180.jpg 270w, https:\/\/chamurkov.com\/wp-content\/uploads\/2024\/01\/DSC02972-HDR-770x513.jpg 770w, https:\/\/chamurkov.com\/wp-content\/uploads\/2024\/01\/DSC02972-HDR-585x390.jpg 585w\" data-sizes=\"(max-width: 1920px) 100vw, 1920px\" src=\"data:image\/gif;base64,R0lGODlhAQABAAAAACH5BAEKAAEALAAAAAABAAEAAAICTAEAOw==\" style=\"--smush-placeholder-width: 1920px; --smush-placeholder-aspect-ratio: 1920\/1280;\" \/><noscript><img decoding=\"async\" width=\"1920\" height=\"1280\" src=\"https:\/\/chamurkov.com\/wp-content\/uploads\/2024\/01\/DSC02972-HDR.jpg\" class=\"attachment-full size-full\" alt=\"\" srcset=\"https:\/\/chamurkov.com\/wp-content\/uploads\/2024\/01\/DSC02972-HDR.jpg 1920w, https:\/\/chamurkov.com\/wp-content\/uploads\/2024\/01\/DSC02972-HDR-270x180.jpg 270w, https:\/\/chamurkov.com\/wp-content\/uploads\/2024\/01\/DSC02972-HDR-770x513.jpg 770w, https:\/\/chamurkov.com\/wp-content\/uploads\/2024\/01\/DSC02972-HDR-585x390.jpg 585w\" sizes=\"(max-width: 1920px) 100vw, 1920px\" \/><\/noscript>    <\/figure>\n\n    <div class=\"p-20 d-f f-c gy-15\">\n      <h2 class=\"h5\">Suit\u0103 cu Dou\u0103 Dormitoare<\/h2>\n\n              <ul class=\"prices_options fs-14\">\n                      <li class=\"d-f ai-c gx-5\">\n              <span class=\"f-1\">1 oaspe\u021bii<\/span>\n              <strong class=\"f-a\">30 \u20ac<\/strong>\n            <\/li>\n                      <li class=\"d-f ai-c gx-5\">\n              <span class=\"f-1\">2 oaspe\u021bii<\/span>\n              <strong class=\"f-a\">50 \u20ac<\/strong>\n            <\/li>\n                      <li class=\"d-f ai-c gx-5\">\n              <span class=\"f-1\">3 oaspe\u021bii<\/span>\n              <strong class=\"f-a\">60 \u20ac<\/strong>\n            <\/li>\n                      <li class=\"d-f ai-c gx-5\">\n              <span class=\"f-1\">4 oaspe\u021bii<\/span>\n              <strong class=\"f-a\">70 \u20ac<\/strong>\n            <\/li>\n                      <li class=\"d-f ai-c gx-5\">\n              <span class=\"f-1\">Capacitate<\/span>\n              <strong class=\"f-a\">4 oaspe\u021bii<\/strong>\n            <\/li>\n                  <\/ul>\n          <\/div>\n\n          <a href=\"https:\/\/chamurkov.com\/ro\/rooms\/suita-cu-oua-dormitoare\/\" class=\"btn bg-2 bg-h-1 tc-w w-100 mt-a l-str\">F\u0103 o rezervare<\/a>\n      <\/div>\n<\/div>\n\n<div class=\"col-u-md-3 col-o-sm-6 col-o-xs-12\">\n  <div class=\"p__box d-f f-c h-100 b-1 bc-2 bg-w ps-r\">\n    <figure class=\"fif h-200\">\n      <img decoding=\"async\" width=\"1920\" height=\"1280\" data-src=\"https:\/\/chamurkov.com\/wp-content\/uploads\/2024\/01\/IMG_1923-compressed-1.jpg\" class=\"attachment-full size-full lazyload\" alt=\"\" data-srcset=\"https:\/\/chamurkov.com\/wp-content\/uploads\/2024\/01\/IMG_1923-compressed-1.jpg 1920w, https:\/\/chamurkov.com\/wp-content\/uploads\/2024\/01\/IMG_1923-compressed-1-270x180.jpg 270w, https:\/\/chamurkov.com\/wp-content\/uploads\/2024\/01\/IMG_1923-compressed-1-770x513.jpg 770w, https:\/\/chamurkov.com\/wp-content\/uploads\/2024\/01\/IMG_1923-compressed-1-585x390.jpg 585w\" data-sizes=\"(max-width: 1920px) 100vw, 1920px\" src=\"data:image\/gif;base64,R0lGODlhAQABAAAAACH5BAEKAAEALAAAAAABAAEAAAICTAEAOw==\" style=\"--smush-placeholder-width: 1920px; --smush-placeholder-aspect-ratio: 1920\/1280;\" \/><noscript><img decoding=\"async\" width=\"1920\" height=\"1280\" src=\"https:\/\/chamurkov.com\/wp-content\/uploads\/2024\/01\/IMG_1923-compressed-1.jpg\" class=\"attachment-full size-full\" alt=\"\" srcset=\"https:\/\/chamurkov.com\/wp-content\/uploads\/2024\/01\/IMG_1923-compressed-1.jpg 1920w, https:\/\/chamurkov.com\/wp-content\/uploads\/2024\/01\/IMG_1923-compressed-1-270x180.jpg 270w, https:\/\/chamurkov.com\/wp-content\/uploads\/2024\/01\/IMG_1923-compressed-1-770x513.jpg 770w, https:\/\/chamurkov.com\/wp-content\/uploads\/2024\/01\/IMG_1923-compressed-1-585x390.jpg 585w\" sizes=\"(max-width: 1920px) 100vw, 1920px\" \/><\/noscript>    <\/figure>\n\n    <div class=\"p-20 d-f f-c gy-15\">\n      <h2 class=\"h5\">\u00centreg complexul<\/h2>\n\n              <ul class=\"prices_options fs-14\">\n                      <li class=\"d-f ai-c gx-5\">\n              <span class=\"f-1\">Casa Mare<\/span>\n              <strong class=\"f-a\">+<\/strong>\n            <\/li>\n                      <li class=\"d-f ai-c gx-5\">\n              <span class=\"f-1\">Studio<\/span>\n              <strong class=\"f-a\">+<\/strong>\n            <\/li>\n                      <li class=\"d-f ai-c gx-5\">\n              <span class=\"f-1\">Suit\u0103 cu Dou\u0103 Dormitoare<\/span>\n              <strong class=\"f-a\"><\/strong>\n            <\/li>\n                      <li class=\"d-f ai-c gx-5\">\n              <span class=\"f-1\">Pre\u021b<\/span>\n              <strong class=\"f-a\">550 \u20ac<\/strong>\n            <\/li>\n                      <li class=\"d-f ai-c gx-5\">\n              <span class=\"f-1\">Capacitate total\u0103<\/span>\n              <strong class=\"f-a\">25 oaspe\u021bii<\/strong>\n            <\/li>\n                  <\/ul>\n          <\/div>\n\n          <a href=\"https:\/\/chamurkov.com\/ro\/rooms\/casa-mare\/\" class=\"btn bg-2 bg-h-1 tc-w w-100 mt-a l-str\">F\u0103 o rezervare<\/a>\n      <\/div>\n<\/div>\n  <\/div>\n<\/div>\n\n<\/div>\n\n\n<link id=\"igs-wpf-css\" type=\"text\/css\" data-href=\"https:\/\/chamurkov.com\/wp-content\/themes\/chamurkov\/resources\/css\/igs-wpf.css\" class=\"assets-lazy-style\" rel=\"stylesheet\" media=\"all\">\n<div class=\"mt-u-md-20 mb-u-md-60 mt-d-sm-10 mb-d-sm-30\">\n\n<div class=\"container wp-editor ts\">\n  <p>Check-in: <strong>dup\u0103 ora 14:00<\/strong><\/p>\n<p>Check-out: <strong>p\u00e2n\u0103 la ora 11:00<\/strong><\/p>\n<p>Exist\u0103 o op\u021biune pentru check-in devreme \u0219i check-out t\u00e2rziu. Pentru mai multe informatii va rugam sa ne contactati.<\/p>\n<p>Pentru a v\u0103 confirma rezervarea, este necesar un avans de cel pu\u021bin 30% din costul sejurului.<\/p>\n<p>\u0218i minim 50% pentru rezerv\u0103ri de s\u0103rb\u0103tori \u0219i mai &#8211; septembrie.<\/p>\n<p>Oferte speciale Last Minute pentru grupuri \u0219i reduceri pentru sejururi mai lungi!<\/p>\n<p>Pretul tuturor camerelor include: articole de toaleta (hartie igienica, dezinfectant, sampon, gel de dus, sapun, prosop si prosop de fata), cafea si ceai gratuite, precum si vesela, TV prin satelit (cu HBO, DIEMA sport, MAX Sport), utilizarea gratarului, mobilier de gradina, piscina sezoniera si parcare cu supraveghere video.<\/p>\n<p>Pretul Studioului include si: utilizarea unei chicinete utilate, condimente de baza, hartie de bucatarie, servetele.<\/p>\n<p>Pretul Casei Mari include si: folosirea tavernei, bucatarie utilata cu multe electrocasnice, condimente de baza, hartie de bucatarie, servetele, difuzor de petrecere karaoke etc.<\/p>\n<p>Sejurul minim in weekend este de 2 nopti!<\/p>\n<p>Pentru vacan\u021be se aplic\u0103 pre\u021buri diferite!<\/p>\n<p>Profit\u0103 de vitrina frigorific\u0103 aprovizionat\u0103 cu b\u0103uturi: b\u0103uturi r\u0103coritoare, capsule de cafea, bere \u0219i vin la pre\u021buri accesibile!<\/p>\n<p>V\u0103 rug\u0103m s\u0103 ne contacta\u021bi pentru mai multe informa\u021bii!<\/p>\n<p>Se accepta plati contactless si carduri bancare!<\/p>\n<p><strong>Chiflix Ltd.<\/strong><\/p>\n<p><strong>Unicredit Bulbank<\/strong><\/p>\n<p><strong>IBAN: BG45UNCR70001527855281<\/strong><\/p>\n<p><strong>BIC: UNCRBGSF<\/strong><\/p>\n<\/div>\n\n<\/div>\n","protected":false},"excerpt":{"rendered":"<div class=\"wp-editor\"><\/div>\n","protected":false},"author":2,"featured_media":2706,"parent":0,"menu_order":0,"comment_status":"closed","ping_status":"closed","template":"","meta":{"_acf_changed":true,"footnotes":""},"class_list":["post-3501","page","type-page","status-publish","has-post-thumbnail","hentry"],"acf":[],"yoast_head":"<!-- This site is optimized with the Yoast SEO plugin v27.4 - https:\/\/yoast.com\/product\/yoast-seo-wordpress\/ -->\n<title>Preturi acomodare - Pensiune Chamurkov lui Veliko Tarnovo \u0219i Arbanasi...<\/title>\n<meta name=\"description\" content=\"Pensiune de tip boutique la doar 3 km de Veliko Tarnovo - o c\u0103l\u0103torie \u00een timp la pre\u021b accesibil. Simte-te ca acasa!\" \/>\n<meta name=\"robots\" content=\"index, follow, max-snippet:-1, max-image-preview:large, max-video-preview:-1\" \/>\n<link rel=\"canonical\" href=\"https:\/\/chamurkov.com\/ro\/preturi\/\" \/>\n<meta property=\"og:locale\" content=\"ro_RO\" \/>\n<meta property=\"og:type\" content=\"article\" \/>\n<meta property=\"og:title\" content=\"Preturi acomodare - Pensiune Chamurkov lui Veliko Tarnovo \u0219i Arbanasi...\" \/>\n<meta property=\"og:description\" content=\"Pensiune de tip boutique la doar 3 km de Veliko Tarnovo - o c\u0103l\u0103torie \u00een timp la pre\u021b accesibil. Simte-te ca acasa!\" \/>\n<meta property=\"og:url\" content=\"https:\/\/chamurkov.com\/ro\/preturi\/\" \/>\n<meta property=\"og:site_name\" content=\"Pensiune Chamurkov\" \/>\n<meta property=\"article:publisher\" content=\"https:\/\/www.facebook.com\/Chamurkovhouse\/\" \/>\n<meta property=\"article:modified_time\" content=\"2026-04-21T02:32:03+00:00\" \/>\n<meta property=\"og:image\" content=\"https:\/\/chamurkov.com\/wp-content\/uploads\/2024\/01\/DJI_0018-min-min.jpg\" \/>\n\t<meta property=\"og:image:width\" content=\"1920\" \/>\n\t<meta property=\"og:image:height\" content=\"1439\" \/>\n\t<meta property=\"og:image:type\" content=\"image\/jpeg\" \/>\n<meta name=\"twitter:card\" content=\"summary_large_image\" \/>\n<meta name=\"twitter:label1\" content=\"Timp estimat pentru citire\" \/>\n\t<meta name=\"twitter:data1\" content=\"3 minute\" \/>\n<script type=\"application\/ld+json\" class=\"yoast-schema-graph\">{\"@context\":\"https:\\\/\\\/schema.org\",\"@graph\":[{\"@type\":\"WebPage\",\"@id\":\"https:\\\/\\\/chamurkov.com\\\/ro\\\/preturi\\\/\",\"url\":\"https:\\\/\\\/chamurkov.com\\\/ro\\\/preturi\\\/\",\"name\":\"Preturi acomodare - Pensiune Chamurkov lui Veliko Tarnovo \u0219i Arbanasi...\",\"isPartOf\":{\"@id\":\"https:\\\/\\\/chamurkov.com\\\/ro\\\/#website\"},\"primaryImageOfPage\":{\"@id\":\"https:\\\/\\\/chamurkov.com\\\/ro\\\/preturi\\\/#primaryimage\"},\"image\":{\"@id\":\"https:\\\/\\\/chamurkov.com\\\/ro\\\/preturi\\\/#primaryimage\"},\"thumbnailUrl\":\"https:\\\/\\\/chamurkov.com\\\/wp-content\\\/uploads\\\/2024\\\/01\\\/DJI_0018-min-min.jpg\",\"datePublished\":\"2024-01-08T09:12:43+00:00\",\"dateModified\":\"2026-04-21T02:32:03+00:00\",\"description\":\"Pensiune de tip boutique la doar 3 km de Veliko Tarnovo - o c\u0103l\u0103torie \u00een timp la pre\u021b accesibil. Simte-te ca acasa!\",\"breadcrumb\":{\"@id\":\"https:\\\/\\\/chamurkov.com\\\/ro\\\/preturi\\\/#breadcrumb\"},\"inLanguage\":\"ro-RO\",\"potentialAction\":[{\"@type\":\"ReadAction\",\"target\":[\"https:\\\/\\\/chamurkov.com\\\/ro\\\/preturi\\\/\"]}]},{\"@type\":\"ImageObject\",\"inLanguage\":\"ro-RO\",\"@id\":\"https:\\\/\\\/chamurkov.com\\\/ro\\\/preturi\\\/#primaryimage\",\"url\":\"https:\\\/\\\/chamurkov.com\\\/wp-content\\\/uploads\\\/2024\\\/01\\\/DJI_0018-min-min.jpg\",\"contentUrl\":\"https:\\\/\\\/chamurkov.com\\\/wp-content\\\/uploads\\\/2024\\\/01\\\/DJI_0018-min-min.jpg\",\"width\":1920,\"height\":1439,\"caption\":\"\u041f\u043e\u0433\u043b\u0435\u0434 \u043e\u0442\u0433\u043e\u0440\u0435 \u043d\u0430 \u0427\u0430\u043c\u0443\u0440\u043a\u043e\u0432\u0430\u0442\u0430 \u043a\u044a\u0449\u0430\"},{\"@type\":\"BreadcrumbList\",\"@id\":\"https:\\\/\\\/chamurkov.com\\\/ro\\\/preturi\\\/#breadcrumb\",\"itemListElement\":[{\"@type\":\"ListItem\",\"position\":1,\"name\":\"Home\",\"item\":\"https:\\\/\\\/chamurkov.com\\\/ro\\\/\"},{\"@type\":\"ListItem\",\"position\":2,\"name\":\"Preturi\"}]},{\"@type\":\"WebSite\",\"@id\":\"https:\\\/\\\/chamurkov.com\\\/ro\\\/#website\",\"url\":\"https:\\\/\\\/chamurkov.com\\\/ro\\\/\",\"name\":\"\u0427\u0430\u043c\u0443\u0440\u043a\u043e\u0432\u0430\u0442\u0430 \u043a\u044a\u0448\u0430\",\"description\":\"Pace \u0219i lini\u0219te \u00een farmecul casei vechi.\",\"publisher\":{\"@id\":\"https:\\\/\\\/chamurkov.com\\\/ro\\\/#organization\"},\"alternateName\":\"\u043a\u044a\u0449\u0430 \u0437\u0430 \u0433\u043e\u0441\u0442\u0438 \u0432 \u0431\u0430\u043b\u043a\u0430\u043d\u0430. \u0422\u0438\u0448\u0438\u043d\u0430 \u0438 \u0441\u043f\u043e\u043a\u043e\u0439\u0441\u0442\u0432\u0438\u0435 \u0432 \u0447\u0430\u0440\u0430 \u043d\u0430 \u0441\u0442\u0430\u0440\u0438\u043d\u043d\u0430\u0442\u0430 \u043a\u044a\u0449\u0430.\",\"potentialAction\":[{\"@type\":\"SearchAction\",\"target\":{\"@type\":\"EntryPoint\",\"urlTemplate\":\"https:\\\/\\\/chamurkov.com\\\/ro\\\/?s={search_term_string}\"},\"query-input\":{\"@type\":\"PropertyValueSpecification\",\"valueRequired\":true,\"valueName\":\"search_term_string\"}}],\"inLanguage\":\"ro-RO\"},{\"@type\":\"Organization\",\"@id\":\"https:\\\/\\\/chamurkov.com\\\/ro\\\/#organization\",\"name\":\"\u041d\u0430 \u0427\u0438\u0441\u0442\u043e \u0415\u041e\u041e\u0414\",\"alternateName\":\"Na Chisto LTD\",\"url\":\"https:\\\/\\\/chamurkov.com\\\/ro\\\/\",\"logo\":{\"@type\":\"ImageObject\",\"inLanguage\":\"ro-RO\",\"@id\":\"https:\\\/\\\/chamurkov.com\\\/ro\\\/#\\\/schema\\\/logo\\\/image\\\/\",\"url\":\"https:\\\/\\\/chamurkov.com\\\/wp-content\\\/uploads\\\/2023\\\/12\\\/chamurkov-logo_icon-gradient.svg\",\"contentUrl\":\"https:\\\/\\\/chamurkov.com\\\/wp-content\\\/uploads\\\/2023\\\/12\\\/chamurkov-logo_icon-gradient.svg\",\"width\":70,\"height\":80,\"caption\":\"\u041d\u0430 \u0427\u0438\u0441\u0442\u043e \u0415\u041e\u041e\u0414\"},\"image\":{\"@id\":\"https:\\\/\\\/chamurkov.com\\\/ro\\\/#\\\/schema\\\/logo\\\/image\\\/\"},\"sameAs\":[\"https:\\\/\\\/www.facebook.com\\\/Chamurkovhouse\\\/\",\"https:\\\/\\\/www.instagram.com\\\/chamurkov_guesthouse\\\/\"]}]}<\/script>\n<!-- \/ Yoast SEO plugin. -->","yoast_head_json":{"title":"Preturi acomodare - Pensiune Chamurkov lui Veliko Tarnovo \u0219i Arbanasi...","description":"Pensiune de tip boutique la doar 3 km de Veliko Tarnovo - o c\u0103l\u0103torie \u00een timp la pre\u021b accesibil. Simte-te ca acasa!","robots":{"index":"index","follow":"follow","max-snippet":"max-snippet:-1","max-image-preview":"max-image-preview:large","max-video-preview":"max-video-preview:-1"},"canonical":"https:\/\/chamurkov.com\/ro\/preturi\/","og_locale":"ro_RO","og_type":"article","og_title":"Preturi acomodare - Pensiune Chamurkov lui Veliko Tarnovo \u0219i Arbanasi...","og_description":"Pensiune de tip boutique la doar 3 km de Veliko Tarnovo - o c\u0103l\u0103torie \u00een timp la pre\u021b accesibil. Simte-te ca acasa!","og_url":"https:\/\/chamurkov.com\/ro\/preturi\/","og_site_name":"Pensiune Chamurkov","article_publisher":"https:\/\/www.facebook.com\/Chamurkovhouse\/","article_modified_time":"2026-04-21T02:32:03+00:00","og_image":[{"width":1920,"height":1439,"url":"https:\/\/chamurkov.com\/wp-content\/uploads\/2024\/01\/DJI_0018-min-min.jpg","type":"image\/jpeg"}],"twitter_card":"summary_large_image","twitter_misc":{"Timp estimat pentru citire":"3 minute"},"schema":{"@context":"https:\/\/schema.org","@graph":[{"@type":"WebPage","@id":"https:\/\/chamurkov.com\/ro\/preturi\/","url":"https:\/\/chamurkov.com\/ro\/preturi\/","name":"Preturi acomodare - Pensiune Chamurkov lui Veliko Tarnovo \u0219i Arbanasi...","isPartOf":{"@id":"https:\/\/chamurkov.com\/ro\/#website"},"primaryImageOfPage":{"@id":"https:\/\/chamurkov.com\/ro\/preturi\/#primaryimage"},"image":{"@id":"https:\/\/chamurkov.com\/ro\/preturi\/#primaryimage"},"thumbnailUrl":"https:\/\/chamurkov.com\/wp-content\/uploads\/2024\/01\/DJI_0018-min-min.jpg","datePublished":"2024-01-08T09:12:43+00:00","dateModified":"2026-04-21T02:32:03+00:00","description":"Pensiune de tip boutique la doar 3 km de Veliko Tarnovo - o c\u0103l\u0103torie \u00een timp la pre\u021b accesibil. Simte-te ca acasa!","breadcrumb":{"@id":"https:\/\/chamurkov.com\/ro\/preturi\/#breadcrumb"},"inLanguage":"ro-RO","potentialAction":[{"@type":"ReadAction","target":["https:\/\/chamurkov.com\/ro\/preturi\/"]}]},{"@type":"ImageObject","inLanguage":"ro-RO","@id":"https:\/\/chamurkov.com\/ro\/preturi\/#primaryimage","url":"https:\/\/chamurkov.com\/wp-content\/uploads\/2024\/01\/DJI_0018-min-min.jpg","contentUrl":"https:\/\/chamurkov.com\/wp-content\/uploads\/2024\/01\/DJI_0018-min-min.jpg","width":1920,"height":1439,"caption":"\u041f\u043e\u0433\u043b\u0435\u0434 \u043e\u0442\u0433\u043e\u0440\u0435 \u043d\u0430 \u0427\u0430\u043c\u0443\u0440\u043a\u043e\u0432\u0430\u0442\u0430 \u043a\u044a\u0449\u0430"},{"@type":"BreadcrumbList","@id":"https:\/\/chamurkov.com\/ro\/preturi\/#breadcrumb","itemListElement":[{"@type":"ListItem","position":1,"name":"Home","item":"https:\/\/chamurkov.com\/ro\/"},{"@type":"ListItem","position":2,"name":"Preturi"}]},{"@type":"WebSite","@id":"https:\/\/chamurkov.com\/ro\/#website","url":"https:\/\/chamurkov.com\/ro\/","name":"\u0427\u0430\u043c\u0443\u0440\u043a\u043e\u0432\u0430\u0442\u0430 \u043a\u044a\u0448\u0430","description":"Pace \u0219i lini\u0219te \u00een farmecul casei vechi.","publisher":{"@id":"https:\/\/chamurkov.com\/ro\/#organization"},"alternateName":"\u043a\u044a\u0449\u0430 \u0437\u0430 \u0433\u043e\u0441\u0442\u0438 \u0432 \u0431\u0430\u043b\u043a\u0430\u043d\u0430. \u0422\u0438\u0448\u0438\u043d\u0430 \u0438 \u0441\u043f\u043e\u043a\u043e\u0439\u0441\u0442\u0432\u0438\u0435 \u0432 \u0447\u0430\u0440\u0430 \u043d\u0430 \u0441\u0442\u0430\u0440\u0438\u043d\u043d\u0430\u0442\u0430 \u043a\u044a\u0449\u0430.","potentialAction":[{"@type":"SearchAction","target":{"@type":"EntryPoint","urlTemplate":"https:\/\/chamurkov.com\/ro\/?s={search_term_string}"},"query-input":{"@type":"PropertyValueSpecification","valueRequired":true,"valueName":"search_term_string"}}],"inLanguage":"ro-RO"},{"@type":"Organization","@id":"https:\/\/chamurkov.com\/ro\/#organization","name":"\u041d\u0430 \u0427\u0438\u0441\u0442\u043e \u0415\u041e\u041e\u0414","alternateName":"Na Chisto LTD","url":"https:\/\/chamurkov.com\/ro\/","logo":{"@type":"ImageObject","inLanguage":"ro-RO","@id":"https:\/\/chamurkov.com\/ro\/#\/schema\/logo\/image\/","url":"https:\/\/chamurkov.com\/wp-content\/uploads\/2023\/12\/chamurkov-logo_icon-gradient.svg","contentUrl":"https:\/\/chamurkov.com\/wp-content\/uploads\/2023\/12\/chamurkov-logo_icon-gradient.svg","width":70,"height":80,"caption":"\u041d\u0430 \u0427\u0438\u0441\u0442\u043e \u0415\u041e\u041e\u0414"},"image":{"@id":"https:\/\/chamurkov.com\/ro\/#\/schema\/logo\/image\/"},"sameAs":["https:\/\/www.facebook.com\/Chamurkovhouse\/","https:\/\/www.instagram.com\/chamurkov_guesthouse\/"]}]}},"_links":{"self":[{"href":"https:\/\/chamurkov.com\/ro\/wp-json\/wp\/v2\/pages\/3501","targetHints":{"allow":["GET"]}}],"collection":[{"href":"https:\/\/chamurkov.com\/ro\/wp-json\/wp\/v2\/pages"}],"about":[{"href":"https:\/\/chamurkov.com\/ro\/wp-json\/wp\/v2\/types\/page"}],"author":[{"embeddable":true,"href":"https:\/\/chamurkov.com\/ro\/wp-json\/wp\/v2\/users\/2"}],"replies":[{"embeddable":true,"href":"https:\/\/chamurkov.com\/ro\/wp-json\/wp\/v2\/comments?post=3501"}],"version-history":[{"count":0,"href":"https:\/\/chamurkov.com\/ro\/wp-json\/wp\/v2\/pages\/3501\/revisions"}],"wp:featuredmedia":[{"embeddable":true,"href":"https:\/\/chamurkov.com\/ro\/wp-json\/wp\/v2\/media\/2706"}],"wp:attachment":[{"href":"https:\/\/chamurkov.com\/ro\/wp-json\/wp\/v2\/media?parent=3501"}],"curies":[{"name":"wp","href":"https:\/\/api.w.org\/{rel}","templated":true}]}}