{"id":3526,"date":"2024-02-21T18:28:24","date_gmt":"2024-02-21T16:28:24","guid":{"rendered":"https:\/\/chamurkov.com\/galeria-studio\/"},"modified":"2024-02-21T19:14:03","modified_gmt":"2024-02-21T17:14:03","slug":"galerie-studio","status":"publish","type":"page","link":"https:\/\/chamurkov.com\/ro\/galerie-studio\/","title":{"rendered":"Studio"},"content":{"rendered":"\n<div class=\"mt-u-md-60 mb-u-md-60 mt-d-sm-30 mb-d-sm-30\">\n\n<div class=\"container\">\n  \n  <div class=\"d-f f-o-xs-c mb-u-sm-40 mb-o-xs-20 ai-u-sm-c\">\n    <div class=\"f-u-sm-1\">\n      \n      \n      <p class=\"h2\">Studio<\/p>    <\/div>\n\n    <a href=\"https:\/\/chamurkov.com\/ro\/rooms\/studio\/\" class=\"btn bg- bg-h- tc- tc-h- px-o-xs-0 jc-o-xs-sb\">Rezervea Acum<\/a>  <\/div>\n\n      <div class=\"row mx-o-xs-n5 gy-u-sm-30 gy-o-xs-10\">\n      \n<div class=\"col-u-sm-3 col-o-xs-6 px-o-xs-5\">\n  <figure class=\"ih loader\"><a href=\"https:\/\/chamurkov.com\/wp-content\/uploads\/2024\/01\/DSC02840-HDR.jpg\" aria-label=\"Lightbox\" data-fslightbox=\"block_9e852b8d6cbfa542b12fc841d66dd9a3\"><img decoding=\"async\" width=\"270\" height=\"180\" data-src=\"https:\/\/chamurkov.com\/wp-content\/uploads\/2024\/01\/DSC02840-HDR-270x180.jpg\" class=\"attachment-gallery_sm size-gallery_sm lazyload\" alt=\"\" data-srcset=\"https:\/\/chamurkov.com\/wp-content\/uploads\/2024\/01\/DSC02840-HDR-270x180.jpg 270w, https:\/\/chamurkov.com\/wp-content\/uploads\/2024\/01\/DSC02840-HDR-770x513.jpg 770w, https:\/\/chamurkov.com\/wp-content\/uploads\/2024\/01\/DSC02840-HDR-585x390.jpg 585w, https:\/\/chamurkov.com\/wp-content\/uploads\/2024\/01\/DSC02840-HDR.jpg 1920w\" data-sizes=\"(max-width: 270px) 100vw, 270px\" src=\"data:image\/gif;base64,R0lGODlhAQABAAAAACH5BAEKAAEALAAAAAABAAEAAAICTAEAOw==\" style=\"--smush-placeholder-width: 270px; --smush-placeholder-aspect-ratio: 270\/180;\" \/><noscript><img decoding=\"async\" width=\"270\" height=\"180\" src=\"https:\/\/chamurkov.com\/wp-content\/uploads\/2024\/01\/DSC02840-HDR-270x180.jpg\" class=\"attachment-gallery_sm size-gallery_sm\" alt=\"\" srcset=\"https:\/\/chamurkov.com\/wp-content\/uploads\/2024\/01\/DSC02840-HDR-270x180.jpg 270w, https:\/\/chamurkov.com\/wp-content\/uploads\/2024\/01\/DSC02840-HDR-770x513.jpg 770w, https:\/\/chamurkov.com\/wp-content\/uploads\/2024\/01\/DSC02840-HDR-585x390.jpg 585w, https:\/\/chamurkov.com\/wp-content\/uploads\/2024\/01\/DSC02840-HDR.jpg 1920w\" sizes=\"(max-width: 270px) 100vw, 270px\" \/><\/noscript><\/a><\/figure>\n<\/div>\n\n<div class=\"col-u-sm-3 col-o-xs-6 px-o-xs-5\">\n  <figure class=\"ih loader\"><a href=\"https:\/\/chamurkov.com\/wp-content\/uploads\/2024\/01\/DSC02834-HDR.jpg\" aria-label=\"Lightbox\" data-fslightbox=\"block_9e852b8d6cbfa542b12fc841d66dd9a3\"><img decoding=\"async\" width=\"270\" height=\"180\" data-src=\"https:\/\/chamurkov.com\/wp-content\/uploads\/2024\/01\/DSC02834-HDR-270x180.jpg\" class=\"attachment-gallery_sm size-gallery_sm lazyload\" alt=\"\" data-srcset=\"https:\/\/chamurkov.com\/wp-content\/uploads\/2024\/01\/DSC02834-HDR-270x180.jpg 270w, https:\/\/chamurkov.com\/wp-content\/uploads\/2024\/01\/DSC02834-HDR-770x513.jpg 770w, https:\/\/chamurkov.com\/wp-content\/uploads\/2024\/01\/DSC02834-HDR-585x390.jpg 585w, https:\/\/chamurkov.com\/wp-content\/uploads\/2024\/01\/DSC02834-HDR.jpg 1920w\" data-sizes=\"(max-width: 270px) 100vw, 270px\" src=\"data:image\/gif;base64,R0lGODlhAQABAAAAACH5BAEKAAEALAAAAAABAAEAAAICTAEAOw==\" style=\"--smush-placeholder-width: 270px; --smush-placeholder-aspect-ratio: 270\/180;\" \/><noscript><img decoding=\"async\" width=\"270\" height=\"180\" src=\"https:\/\/chamurkov.com\/wp-content\/uploads\/2024\/01\/DSC02834-HDR-270x180.jpg\" class=\"attachment-gallery_sm size-gallery_sm\" alt=\"\" srcset=\"https:\/\/chamurkov.com\/wp-content\/uploads\/2024\/01\/DSC02834-HDR-270x180.jpg 270w, https:\/\/chamurkov.com\/wp-content\/uploads\/2024\/01\/DSC02834-HDR-770x513.jpg 770w, https:\/\/chamurkov.com\/wp-content\/uploads\/2024\/01\/DSC02834-HDR-585x390.jpg 585w, https:\/\/chamurkov.com\/wp-content\/uploads\/2024\/01\/DSC02834-HDR.jpg 1920w\" sizes=\"(max-width: 270px) 100vw, 270px\" \/><\/noscript><\/a><\/figure>\n<\/div>\n\n<div class=\"col-u-sm-3 col-o-xs-6 px-o-xs-5\">\n  <figure class=\"ih loader\"><a href=\"https:\/\/chamurkov.com\/wp-content\/uploads\/2024\/01\/DSC02786-HDR-2.jpg\" aria-label=\"Lightbox\" data-fslightbox=\"block_9e852b8d6cbfa542b12fc841d66dd9a3\"><img decoding=\"async\" width=\"270\" height=\"180\" data-src=\"https:\/\/chamurkov.com\/wp-content\/uploads\/2024\/01\/DSC02786-HDR-2-270x180.jpg\" class=\"attachment-gallery_sm size-gallery_sm lazyload\" alt=\"\" data-srcset=\"https:\/\/chamurkov.com\/wp-content\/uploads\/2024\/01\/DSC02786-HDR-2-270x180.jpg 270w, https:\/\/chamurkov.com\/wp-content\/uploads\/2024\/01\/DSC02786-HDR-2-770x513.jpg 770w, https:\/\/chamurkov.com\/wp-content\/uploads\/2024\/01\/DSC02786-HDR-2-585x390.jpg 585w, https:\/\/chamurkov.com\/wp-content\/uploads\/2024\/01\/DSC02786-HDR-2.jpg 1920w\" data-sizes=\"(max-width: 270px) 100vw, 270px\" src=\"data:image\/gif;base64,R0lGODlhAQABAAAAACH5BAEKAAEALAAAAAABAAEAAAICTAEAOw==\" style=\"--smush-placeholder-width: 270px; --smush-placeholder-aspect-ratio: 270\/180;\" \/><noscript><img decoding=\"async\" width=\"270\" height=\"180\" src=\"https:\/\/chamurkov.com\/wp-content\/uploads\/2024\/01\/DSC02786-HDR-2-270x180.jpg\" class=\"attachment-gallery_sm size-gallery_sm\" alt=\"\" srcset=\"https:\/\/chamurkov.com\/wp-content\/uploads\/2024\/01\/DSC02786-HDR-2-270x180.jpg 270w, https:\/\/chamurkov.com\/wp-content\/uploads\/2024\/01\/DSC02786-HDR-2-770x513.jpg 770w, https:\/\/chamurkov.com\/wp-content\/uploads\/2024\/01\/DSC02786-HDR-2-585x390.jpg 585w, https:\/\/chamurkov.com\/wp-content\/uploads\/2024\/01\/DSC02786-HDR-2.jpg 1920w\" sizes=\"(max-width: 270px) 100vw, 270px\" \/><\/noscript><\/a><\/figure>\n<\/div>\n\n<div class=\"col-u-sm-3 col-o-xs-6 px-o-xs-5\">\n  <figure class=\"ih loader\"><a href=\"https:\/\/chamurkov.com\/wp-content\/uploads\/2024\/01\/DSC02804-HDR.jpg\" aria-label=\"Lightbox\" data-fslightbox=\"block_9e852b8d6cbfa542b12fc841d66dd9a3\"><img decoding=\"async\" width=\"270\" height=\"180\" data-src=\"https:\/\/chamurkov.com\/wp-content\/uploads\/2024\/01\/DSC02804-HDR-270x180.jpg\" class=\"attachment-gallery_sm size-gallery_sm lazyload\" alt=\"\" data-srcset=\"https:\/\/chamurkov.com\/wp-content\/uploads\/2024\/01\/DSC02804-HDR-270x180.jpg 270w, https:\/\/chamurkov.com\/wp-content\/uploads\/2024\/01\/DSC02804-HDR-770x513.jpg 770w, https:\/\/chamurkov.com\/wp-content\/uploads\/2024\/01\/DSC02804-HDR-585x390.jpg 585w, https:\/\/chamurkov.com\/wp-content\/uploads\/2024\/01\/DSC02804-HDR.jpg 1920w\" data-sizes=\"(max-width: 270px) 100vw, 270px\" src=\"data:image\/gif;base64,R0lGODlhAQABAAAAACH5BAEKAAEALAAAAAABAAEAAAICTAEAOw==\" style=\"--smush-placeholder-width: 270px; --smush-placeholder-aspect-ratio: 270\/180;\" \/><noscript><img decoding=\"async\" width=\"270\" height=\"180\" src=\"https:\/\/chamurkov.com\/wp-content\/uploads\/2024\/01\/DSC02804-HDR-270x180.jpg\" class=\"attachment-gallery_sm size-gallery_sm\" alt=\"\" srcset=\"https:\/\/chamurkov.com\/wp-content\/uploads\/2024\/01\/DSC02804-HDR-270x180.jpg 270w, https:\/\/chamurkov.com\/wp-content\/uploads\/2024\/01\/DSC02804-HDR-770x513.jpg 770w, https:\/\/chamurkov.com\/wp-content\/uploads\/2024\/01\/DSC02804-HDR-585x390.jpg 585w, https:\/\/chamurkov.com\/wp-content\/uploads\/2024\/01\/DSC02804-HDR.jpg 1920w\" sizes=\"(max-width: 270px) 100vw, 270px\" \/><\/noscript><\/a><\/figure>\n<\/div>\n\n<div class=\"col-u-sm-3 col-o-xs-6 px-o-xs-5\">\n  <figure class=\"ih loader\"><a href=\"https:\/\/chamurkov.com\/wp-content\/uploads\/2024\/01\/DSC02810-HDR.jpg\" aria-label=\"Lightbox\" data-fslightbox=\"block_9e852b8d6cbfa542b12fc841d66dd9a3\"><img decoding=\"async\" width=\"270\" height=\"180\" data-src=\"https:\/\/chamurkov.com\/wp-content\/uploads\/2024\/01\/DSC02810-HDR-270x180.jpg\" class=\"attachment-gallery_sm size-gallery_sm lazyload\" alt=\"\" data-srcset=\"https:\/\/chamurkov.com\/wp-content\/uploads\/2024\/01\/DSC02810-HDR-270x180.jpg 270w, https:\/\/chamurkov.com\/wp-content\/uploads\/2024\/01\/DSC02810-HDR-770x513.jpg 770w, https:\/\/chamurkov.com\/wp-content\/uploads\/2024\/01\/DSC02810-HDR-585x390.jpg 585w, https:\/\/chamurkov.com\/wp-content\/uploads\/2024\/01\/DSC02810-HDR.jpg 1920w\" data-sizes=\"(max-width: 270px) 100vw, 270px\" src=\"data:image\/gif;base64,R0lGODlhAQABAAAAACH5BAEKAAEALAAAAAABAAEAAAICTAEAOw==\" style=\"--smush-placeholder-width: 270px; --smush-placeholder-aspect-ratio: 270\/180;\" \/><noscript><img decoding=\"async\" width=\"270\" height=\"180\" src=\"https:\/\/chamurkov.com\/wp-content\/uploads\/2024\/01\/DSC02810-HDR-270x180.jpg\" class=\"attachment-gallery_sm size-gallery_sm\" alt=\"\" srcset=\"https:\/\/chamurkov.com\/wp-content\/uploads\/2024\/01\/DSC02810-HDR-270x180.jpg 270w, https:\/\/chamurkov.com\/wp-content\/uploads\/2024\/01\/DSC02810-HDR-770x513.jpg 770w, https:\/\/chamurkov.com\/wp-content\/uploads\/2024\/01\/DSC02810-HDR-585x390.jpg 585w, https:\/\/chamurkov.com\/wp-content\/uploads\/2024\/01\/DSC02810-HDR.jpg 1920w\" sizes=\"(max-width: 270px) 100vw, 270px\" \/><\/noscript><\/a><\/figure>\n<\/div>\n\n<div class=\"col-u-sm-3 col-o-xs-6 px-o-xs-5\">\n  <figure class=\"ih loader\"><a href=\"https:\/\/chamurkov.com\/wp-content\/uploads\/2024\/01\/DSC02816-HDR.jpg\" aria-label=\"Lightbox\" data-fslightbox=\"block_9e852b8d6cbfa542b12fc841d66dd9a3\"><img decoding=\"async\" width=\"270\" height=\"180\" data-src=\"https:\/\/chamurkov.com\/wp-content\/uploads\/2024\/01\/DSC02816-HDR-270x180.jpg\" class=\"attachment-gallery_sm size-gallery_sm lazyload\" alt=\"\" data-srcset=\"https:\/\/chamurkov.com\/wp-content\/uploads\/2024\/01\/DSC02816-HDR-270x180.jpg 270w, https:\/\/chamurkov.com\/wp-content\/uploads\/2024\/01\/DSC02816-HDR-770x513.jpg 770w, https:\/\/chamurkov.com\/wp-content\/uploads\/2024\/01\/DSC02816-HDR-585x390.jpg 585w, https:\/\/chamurkov.com\/wp-content\/uploads\/2024\/01\/DSC02816-HDR.jpg 1920w\" data-sizes=\"(max-width: 270px) 100vw, 270px\" src=\"data:image\/gif;base64,R0lGODlhAQABAAAAACH5BAEKAAEALAAAAAABAAEAAAICTAEAOw==\" style=\"--smush-placeholder-width: 270px; --smush-placeholder-aspect-ratio: 270\/180;\" \/><noscript><img decoding=\"async\" width=\"270\" height=\"180\" src=\"https:\/\/chamurkov.com\/wp-content\/uploads\/2024\/01\/DSC02816-HDR-270x180.jpg\" class=\"attachment-gallery_sm size-gallery_sm\" alt=\"\" srcset=\"https:\/\/chamurkov.com\/wp-content\/uploads\/2024\/01\/DSC02816-HDR-270x180.jpg 270w, https:\/\/chamurkov.com\/wp-content\/uploads\/2024\/01\/DSC02816-HDR-770x513.jpg 770w, https:\/\/chamurkov.com\/wp-content\/uploads\/2024\/01\/DSC02816-HDR-585x390.jpg 585w, https:\/\/chamurkov.com\/wp-content\/uploads\/2024\/01\/DSC02816-HDR.jpg 1920w\" sizes=\"(max-width: 270px) 100vw, 270px\" \/><\/noscript><\/a><\/figure>\n<\/div>\n\n<div class=\"col-u-sm-3 col-o-xs-6 px-o-xs-5\">\n  <figure class=\"ih loader\"><a href=\"https:\/\/chamurkov.com\/wp-content\/uploads\/2024\/01\/DSC02822-HDR.jpg\" aria-label=\"Lightbox\" data-fslightbox=\"block_9e852b8d6cbfa542b12fc841d66dd9a3\"><img decoding=\"async\" width=\"270\" height=\"180\" data-src=\"https:\/\/chamurkov.com\/wp-content\/uploads\/2024\/01\/DSC02822-HDR-270x180.jpg\" class=\"attachment-gallery_sm size-gallery_sm lazyload\" alt=\"\" data-srcset=\"https:\/\/chamurkov.com\/wp-content\/uploads\/2024\/01\/DSC02822-HDR-270x180.jpg 270w, https:\/\/chamurkov.com\/wp-content\/uploads\/2024\/01\/DSC02822-HDR-770x513.jpg 770w, https:\/\/chamurkov.com\/wp-content\/uploads\/2024\/01\/DSC02822-HDR-585x390.jpg 585w, https:\/\/chamurkov.com\/wp-content\/uploads\/2024\/01\/DSC02822-HDR.jpg 1920w\" data-sizes=\"(max-width: 270px) 100vw, 270px\" src=\"data:image\/gif;base64,R0lGODlhAQABAAAAACH5BAEKAAEALAAAAAABAAEAAAICTAEAOw==\" style=\"--smush-placeholder-width: 270px; --smush-placeholder-aspect-ratio: 270\/180;\" \/><noscript><img decoding=\"async\" width=\"270\" height=\"180\" src=\"https:\/\/chamurkov.com\/wp-content\/uploads\/2024\/01\/DSC02822-HDR-270x180.jpg\" class=\"attachment-gallery_sm size-gallery_sm\" alt=\"\" srcset=\"https:\/\/chamurkov.com\/wp-content\/uploads\/2024\/01\/DSC02822-HDR-270x180.jpg 270w, https:\/\/chamurkov.com\/wp-content\/uploads\/2024\/01\/DSC02822-HDR-770x513.jpg 770w, https:\/\/chamurkov.com\/wp-content\/uploads\/2024\/01\/DSC02822-HDR-585x390.jpg 585w, https:\/\/chamurkov.com\/wp-content\/uploads\/2024\/01\/DSC02822-HDR.jpg 1920w\" sizes=\"(max-width: 270px) 100vw, 270px\" \/><\/noscript><\/a><\/figure>\n<\/div>\n\n<div class=\"col-u-sm-3 col-o-xs-6 px-o-xs-5\">\n  <figure class=\"ih loader\"><a href=\"https:\/\/chamurkov.com\/wp-content\/uploads\/2024\/01\/DSC02828-HDR.jpg\" aria-label=\"Lightbox\" data-fslightbox=\"block_9e852b8d6cbfa542b12fc841d66dd9a3\"><img decoding=\"async\" width=\"270\" height=\"180\" data-src=\"https:\/\/chamurkov.com\/wp-content\/uploads\/2024\/01\/DSC02828-HDR-270x180.jpg\" class=\"attachment-gallery_sm size-gallery_sm lazyload\" alt=\"\" data-srcset=\"https:\/\/chamurkov.com\/wp-content\/uploads\/2024\/01\/DSC02828-HDR-270x180.jpg 270w, https:\/\/chamurkov.com\/wp-content\/uploads\/2024\/01\/DSC02828-HDR-770x513.jpg 770w, https:\/\/chamurkov.com\/wp-content\/uploads\/2024\/01\/DSC02828-HDR-585x390.jpg 585w, https:\/\/chamurkov.com\/wp-content\/uploads\/2024\/01\/DSC02828-HDR.jpg 1920w\" data-sizes=\"(max-width: 270px) 100vw, 270px\" src=\"data:image\/gif;base64,R0lGODlhAQABAAAAACH5BAEKAAEALAAAAAABAAEAAAICTAEAOw==\" style=\"--smush-placeholder-width: 270px; --smush-placeholder-aspect-ratio: 270\/180;\" \/><noscript><img decoding=\"async\" width=\"270\" height=\"180\" src=\"https:\/\/chamurkov.com\/wp-content\/uploads\/2024\/01\/DSC02828-HDR-270x180.jpg\" class=\"attachment-gallery_sm size-gallery_sm\" alt=\"\" srcset=\"https:\/\/chamurkov.com\/wp-content\/uploads\/2024\/01\/DSC02828-HDR-270x180.jpg 270w, https:\/\/chamurkov.com\/wp-content\/uploads\/2024\/01\/DSC02828-HDR-770x513.jpg 770w, https:\/\/chamurkov.com\/wp-content\/uploads\/2024\/01\/DSC02828-HDR-585x390.jpg 585w, https:\/\/chamurkov.com\/wp-content\/uploads\/2024\/01\/DSC02828-HDR.jpg 1920w\" sizes=\"(max-width: 270px) 100vw, 270px\" \/><\/noscript><\/a><\/figure>\n<\/div>\n\n<div class=\"col-u-sm-3 col-o-xs-6 px-o-xs-5\">\n  <figure class=\"ih loader\"><a href=\"https:\/\/chamurkov.com\/wp-content\/uploads\/2024\/01\/DSC02846-HDR.jpg\" aria-label=\"Lightbox\" data-fslightbox=\"block_9e852b8d6cbfa542b12fc841d66dd9a3\"><img decoding=\"async\" width=\"270\" height=\"180\" data-src=\"https:\/\/chamurkov.com\/wp-content\/uploads\/2024\/01\/DSC02846-HDR-270x180.jpg\" class=\"attachment-gallery_sm size-gallery_sm lazyload\" alt=\"\" src=\"data:image\/gif;base64,R0lGODlhAQABAAAAACH5BAEKAAEALAAAAAABAAEAAAICTAEAOw==\" style=\"--smush-placeholder-width: 270px; --smush-placeholder-aspect-ratio: 270\/180;\" \/><noscript><img decoding=\"async\" width=\"270\" height=\"180\" src=\"https:\/\/chamurkov.com\/wp-content\/uploads\/2024\/01\/DSC02846-HDR-270x180.jpg\" class=\"attachment-gallery_sm size-gallery_sm\" alt=\"\" \/><\/noscript><\/a><\/figure>\n<\/div>\n\n<div class=\"col-u-sm-3 col-o-xs-6 px-o-xs-5\">\n  <figure class=\"ih loader\"><a href=\"https:\/\/chamurkov.com\/wp-content\/uploads\/2024\/01\/DSC02852-HDR.jpg\" aria-label=\"Lightbox\" data-fslightbox=\"block_9e852b8d6cbfa542b12fc841d66dd9a3\"><img decoding=\"async\" width=\"270\" height=\"180\" data-src=\"https:\/\/chamurkov.com\/wp-content\/uploads\/2024\/01\/DSC02852-HDR-270x180.jpg\" class=\"attachment-gallery_sm size-gallery_sm lazyload\" alt=\"\" data-srcset=\"https:\/\/chamurkov.com\/wp-content\/uploads\/2024\/01\/DSC02852-HDR-270x180.jpg 270w, https:\/\/chamurkov.com\/wp-content\/uploads\/2024\/01\/DSC02852-HDR-770x513.jpg 770w, https:\/\/chamurkov.com\/wp-content\/uploads\/2024\/01\/DSC02852-HDR-585x390.jpg 585w, https:\/\/chamurkov.com\/wp-content\/uploads\/2024\/01\/DSC02852-HDR.jpg 1920w\" data-sizes=\"(max-width: 270px) 100vw, 270px\" src=\"data:image\/gif;base64,R0lGODlhAQABAAAAACH5BAEKAAEALAAAAAABAAEAAAICTAEAOw==\" style=\"--smush-placeholder-width: 270px; --smush-placeholder-aspect-ratio: 270\/180;\" \/><noscript><img decoding=\"async\" width=\"270\" height=\"180\" src=\"https:\/\/chamurkov.com\/wp-content\/uploads\/2024\/01\/DSC02852-HDR-270x180.jpg\" class=\"attachment-gallery_sm size-gallery_sm\" alt=\"\" srcset=\"https:\/\/chamurkov.com\/wp-content\/uploads\/2024\/01\/DSC02852-HDR-270x180.jpg 270w, https:\/\/chamurkov.com\/wp-content\/uploads\/2024\/01\/DSC02852-HDR-770x513.jpg 770w, https:\/\/chamurkov.com\/wp-content\/uploads\/2024\/01\/DSC02852-HDR-585x390.jpg 585w, https:\/\/chamurkov.com\/wp-content\/uploads\/2024\/01\/DSC02852-HDR.jpg 1920w\" sizes=\"(max-width: 270px) 100vw, 270px\" \/><\/noscript><\/a><\/figure>\n<\/div>\n    <\/div>\n  <\/div>\n\n<\/div>\n","protected":false},"excerpt":{"rendered":"<div class=\"wp-editor\"><\/div>\n","protected":false},"author":2,"featured_media":0,"parent":0,"menu_order":0,"comment_status":"closed","ping_status":"closed","template":"","meta":{"_acf_changed":true,"footnotes":""},"class_list":["post-3526","page","type-page","status-publish","hentry"],"acf":[],"yoast_head":"<!-- This site is optimized with the Yoast SEO plugin v27.4 - https:\/\/yoast.com\/product\/yoast-seo-wordpress\/ -->\n<title>Studio - \u0447\u0430\u0441\u0442 \u043e\u0442 \u043a\u043e\u043c\u043f\u043b\u0435\u043a\u0441 Pensiune Chamurkov Veliko Tarnovo<\/title>\n<meta name=\"description\" content=\"Material fotografic care arat\u0103 interiorul Studioului de \u00eenchiriat \u00een pensiunea Chamurkova la 3 km de Veliko Tarnovo\" \/>\n<meta name=\"robots\" content=\"index, follow, max-snippet:-1, max-image-preview:large, max-video-preview:-1\" \/>\n<link rel=\"canonical\" href=\"https:\/\/chamurkov.com\/ro\/galerie-studio\/\" \/>\n<meta property=\"og:locale\" content=\"ro_RO\" \/>\n<meta property=\"og:type\" content=\"article\" \/>\n<meta property=\"og:title\" content=\"Studio - \u0447\u0430\u0441\u0442 \u043e\u0442 \u043a\u043e\u043c\u043f\u043b\u0435\u043a\u0441 Pensiune Chamurkov Veliko Tarnovo\" \/>\n<meta property=\"og:description\" content=\"Material fotografic care arat\u0103 interiorul Studioului de \u00eenchiriat \u00een pensiunea Chamurkova la 3 km de Veliko Tarnovo\" \/>\n<meta property=\"og:url\" content=\"https:\/\/chamurkov.com\/ro\/galerie-studio\/\" \/>\n<meta property=\"og:site_name\" content=\"Pensiune Chamurkov\" \/>\n<meta property=\"article:publisher\" content=\"https:\/\/www.facebook.com\/Chamurkovhouse\/\" \/>\n<meta property=\"article:modified_time\" content=\"2024-02-21T17:14:03+00:00\" \/>\n<meta name=\"twitter:card\" content=\"summary_large_image\" \/>\n<meta name=\"twitter:label1\" content=\"Timp estimat pentru citire\" \/>\n\t<meta name=\"twitter:data1\" content=\"3 minute\" \/>\n<script type=\"application\/ld+json\" class=\"yoast-schema-graph\">{\"@context\":\"https:\\\/\\\/schema.org\",\"@graph\":[{\"@type\":\"WebPage\",\"@id\":\"https:\\\/\\\/chamurkov.com\\\/ro\\\/galerie-studio\\\/\",\"url\":\"https:\\\/\\\/chamurkov.com\\\/ro\\\/galerie-studio\\\/\",\"name\":\"Studio - \u0447\u0430\u0441\u0442 \u043e\u0442 \u043a\u043e\u043c\u043f\u043b\u0435\u043a\u0441 Pensiune Chamurkov Veliko Tarnovo\",\"isPartOf\":{\"@id\":\"https:\\\/\\\/chamurkov.com\\\/ro\\\/#website\"},\"datePublished\":\"2024-02-21T16:28:24+00:00\",\"dateModified\":\"2024-02-21T17:14:03+00:00\",\"description\":\"Material fotografic care arat\u0103 interiorul Studioului de \u00eenchiriat \u00een pensiunea Chamurkova la 3 km de Veliko Tarnovo\",\"breadcrumb\":{\"@id\":\"https:\\\/\\\/chamurkov.com\\\/ro\\\/galerie-studio\\\/#breadcrumb\"},\"inLanguage\":\"ro-RO\",\"potentialAction\":[{\"@type\":\"ReadAction\",\"target\":[\"https:\\\/\\\/chamurkov.com\\\/ro\\\/galerie-studio\\\/\"]}]},{\"@type\":\"BreadcrumbList\",\"@id\":\"https:\\\/\\\/chamurkov.com\\\/ro\\\/galerie-studio\\\/#breadcrumb\",\"itemListElement\":[{\"@type\":\"ListItem\",\"position\":1,\"name\":\"Home\",\"item\":\"https:\\\/\\\/chamurkov.com\\\/ro\\\/\"},{\"@type\":\"ListItem\",\"position\":2,\"name\":\"Studio\"}]},{\"@type\":\"WebSite\",\"@id\":\"https:\\\/\\\/chamurkov.com\\\/ro\\\/#website\",\"url\":\"https:\\\/\\\/chamurkov.com\\\/ro\\\/\",\"name\":\"\u0427\u0430\u043c\u0443\u0440\u043a\u043e\u0432\u0430\u0442\u0430 \u043a\u044a\u0448\u0430\",\"description\":\"Pace \u0219i lini\u0219te \u00een farmecul casei vechi.\",\"publisher\":{\"@id\":\"https:\\\/\\\/chamurkov.com\\\/ro\\\/#organization\"},\"alternateName\":\"\u043a\u044a\u0449\u0430 \u0437\u0430 \u0433\u043e\u0441\u0442\u0438 \u0432 \u0431\u0430\u043b\u043a\u0430\u043d\u0430. \u0422\u0438\u0448\u0438\u043d\u0430 \u0438 \u0441\u043f\u043e\u043a\u043e\u0439\u0441\u0442\u0432\u0438\u0435 \u0432 \u0447\u0430\u0440\u0430 \u043d\u0430 \u0441\u0442\u0430\u0440\u0438\u043d\u043d\u0430\u0442\u0430 \u043a\u044a\u0449\u0430.\",\"potentialAction\":[{\"@type\":\"SearchAction\",\"target\":{\"@type\":\"EntryPoint\",\"urlTemplate\":\"https:\\\/\\\/chamurkov.com\\\/ro\\\/?s={search_term_string}\"},\"query-input\":{\"@type\":\"PropertyValueSpecification\",\"valueRequired\":true,\"valueName\":\"search_term_string\"}}],\"inLanguage\":\"ro-RO\"},{\"@type\":\"Organization\",\"@id\":\"https:\\\/\\\/chamurkov.com\\\/ro\\\/#organization\",\"name\":\"\u041d\u0430 \u0427\u0438\u0441\u0442\u043e \u0415\u041e\u041e\u0414\",\"alternateName\":\"Na Chisto LTD\",\"url\":\"https:\\\/\\\/chamurkov.com\\\/ro\\\/\",\"logo\":{\"@type\":\"ImageObject\",\"inLanguage\":\"ro-RO\",\"@id\":\"https:\\\/\\\/chamurkov.com\\\/ro\\\/#\\\/schema\\\/logo\\\/image\\\/\",\"url\":\"https:\\\/\\\/chamurkov.com\\\/wp-content\\\/uploads\\\/2023\\\/12\\\/chamurkov-logo_icon-gradient.svg\",\"contentUrl\":\"https:\\\/\\\/chamurkov.com\\\/wp-content\\\/uploads\\\/2023\\\/12\\\/chamurkov-logo_icon-gradient.svg\",\"width\":70,\"height\":80,\"caption\":\"\u041d\u0430 \u0427\u0438\u0441\u0442\u043e \u0415\u041e\u041e\u0414\"},\"image\":{\"@id\":\"https:\\\/\\\/chamurkov.com\\\/ro\\\/#\\\/schema\\\/logo\\\/image\\\/\"},\"sameAs\":[\"https:\\\/\\\/www.facebook.com\\\/Chamurkovhouse\\\/\",\"https:\\\/\\\/www.instagram.com\\\/chamurkov_guesthouse\\\/\"]}]}<\/script>\n<!-- \/ Yoast SEO plugin. -->","yoast_head_json":{"title":"Studio - \u0447\u0430\u0441\u0442 \u043e\u0442 \u043a\u043e\u043c\u043f\u043b\u0435\u043a\u0441 Pensiune Chamurkov Veliko Tarnovo","description":"Material fotografic care arat\u0103 interiorul Studioului de \u00eenchiriat \u00een pensiunea Chamurkova la 3 km de Veliko Tarnovo","robots":{"index":"index","follow":"follow","max-snippet":"max-snippet:-1","max-image-preview":"max-image-preview:large","max-video-preview":"max-video-preview:-1"},"canonical":"https:\/\/chamurkov.com\/ro\/galerie-studio\/","og_locale":"ro_RO","og_type":"article","og_title":"Studio - \u0447\u0430\u0441\u0442 \u043e\u0442 \u043a\u043e\u043c\u043f\u043b\u0435\u043a\u0441 Pensiune Chamurkov Veliko Tarnovo","og_description":"Material fotografic care arat\u0103 interiorul Studioului de \u00eenchiriat \u00een pensiunea Chamurkova la 3 km de Veliko Tarnovo","og_url":"https:\/\/chamurkov.com\/ro\/galerie-studio\/","og_site_name":"Pensiune Chamurkov","article_publisher":"https:\/\/www.facebook.com\/Chamurkovhouse\/","article_modified_time":"2024-02-21T17:14:03+00:00","twitter_card":"summary_large_image","twitter_misc":{"Timp estimat pentru citire":"3 minute"},"schema":{"@context":"https:\/\/schema.org","@graph":[{"@type":"WebPage","@id":"https:\/\/chamurkov.com\/ro\/galerie-studio\/","url":"https:\/\/chamurkov.com\/ro\/galerie-studio\/","name":"Studio - \u0447\u0430\u0441\u0442 \u043e\u0442 \u043a\u043e\u043c\u043f\u043b\u0435\u043a\u0441 Pensiune Chamurkov Veliko Tarnovo","isPartOf":{"@id":"https:\/\/chamurkov.com\/ro\/#website"},"datePublished":"2024-02-21T16:28:24+00:00","dateModified":"2024-02-21T17:14:03+00:00","description":"Material fotografic care arat\u0103 interiorul Studioului de \u00eenchiriat \u00een pensiunea Chamurkova la 3 km de Veliko Tarnovo","breadcrumb":{"@id":"https:\/\/chamurkov.com\/ro\/galerie-studio\/#breadcrumb"},"inLanguage":"ro-RO","potentialAction":[{"@type":"ReadAction","target":["https:\/\/chamurkov.com\/ro\/galerie-studio\/"]}]},{"@type":"BreadcrumbList","@id":"https:\/\/chamurkov.com\/ro\/galerie-studio\/#breadcrumb","itemListElement":[{"@type":"ListItem","position":1,"name":"Home","item":"https:\/\/chamurkov.com\/ro\/"},{"@type":"ListItem","position":2,"name":"Studio"}]},{"@type":"WebSite","@id":"https:\/\/chamurkov.com\/ro\/#website","url":"https:\/\/chamurkov.com\/ro\/","name":"\u0427\u0430\u043c\u0443\u0440\u043a\u043e\u0432\u0430\u0442\u0430 \u043a\u044a\u0448\u0430","description":"Pace \u0219i lini\u0219te \u00een farmecul casei vechi.","publisher":{"@id":"https:\/\/chamurkov.com\/ro\/#organization"},"alternateName":"\u043a\u044a\u0449\u0430 \u0437\u0430 \u0433\u043e\u0441\u0442\u0438 \u0432 \u0431\u0430\u043b\u043a\u0430\u043d\u0430. \u0422\u0438\u0448\u0438\u043d\u0430 \u0438 \u0441\u043f\u043e\u043a\u043e\u0439\u0441\u0442\u0432\u0438\u0435 \u0432 \u0447\u0430\u0440\u0430 \u043d\u0430 \u0441\u0442\u0430\u0440\u0438\u043d\u043d\u0430\u0442\u0430 \u043a\u044a\u0449\u0430.","potentialAction":[{"@type":"SearchAction","target":{"@type":"EntryPoint","urlTemplate":"https:\/\/chamurkov.com\/ro\/?s={search_term_string}"},"query-input":{"@type":"PropertyValueSpecification","valueRequired":true,"valueName":"search_term_string"}}],"inLanguage":"ro-RO"},{"@type":"Organization","@id":"https:\/\/chamurkov.com\/ro\/#organization","name":"\u041d\u0430 \u0427\u0438\u0441\u0442\u043e \u0415\u041e\u041e\u0414","alternateName":"Na Chisto LTD","url":"https:\/\/chamurkov.com\/ro\/","logo":{"@type":"ImageObject","inLanguage":"ro-RO","@id":"https:\/\/chamurkov.com\/ro\/#\/schema\/logo\/image\/","url":"https:\/\/chamurkov.com\/wp-content\/uploads\/2023\/12\/chamurkov-logo_icon-gradient.svg","contentUrl":"https:\/\/chamurkov.com\/wp-content\/uploads\/2023\/12\/chamurkov-logo_icon-gradient.svg","width":70,"height":80,"caption":"\u041d\u0430 \u0427\u0438\u0441\u0442\u043e \u0415\u041e\u041e\u0414"},"image":{"@id":"https:\/\/chamurkov.com\/ro\/#\/schema\/logo\/image\/"},"sameAs":["https:\/\/www.facebook.com\/Chamurkovhouse\/","https:\/\/www.instagram.com\/chamurkov_guesthouse\/"]}]}},"_links":{"self":[{"href":"https:\/\/chamurkov.com\/ro\/wp-json\/wp\/v2\/pages\/3526","targetHints":{"allow":["GET"]}}],"collection":[{"href":"https:\/\/chamurkov.com\/ro\/wp-json\/wp\/v2\/pages"}],"about":[{"href":"https:\/\/chamurkov.com\/ro\/wp-json\/wp\/v2\/types\/page"}],"author":[{"embeddable":true,"href":"https:\/\/chamurkov.com\/ro\/wp-json\/wp\/v2\/users\/2"}],"replies":[{"embeddable":true,"href":"https:\/\/chamurkov.com\/ro\/wp-json\/wp\/v2\/comments?post=3526"}],"version-history":[{"count":0,"href":"https:\/\/chamurkov.com\/ro\/wp-json\/wp\/v2\/pages\/3526\/revisions"}],"wp:attachment":[{"href":"https:\/\/chamurkov.com\/ro\/wp-json\/wp\/v2\/media?parent=3526"}],"curies":[{"name":"wp","href":"https:\/\/api.w.org\/{rel}","templated":true}]}}